{"id":2661,"date":"2014-06-11T06:37:42","date_gmt":"2014-06-11T04:37:42","guid":{"rendered":"https:\/\/www.medikompoliklinika.com\/orl\/"},"modified":"2020-11-08T08:57:55","modified_gmt":"2020-11-08T07:57:55","slug":"otorhinolaryngology-orl","status":"publish","type":"page","link":"https:\/\/www.medikompoliklinika.com\/en\/services\/otorhinolaryngology-orl\/","title":{"rendered":"OTORHINOLARYNGOLOGY (ORL)"},"content":{"rendered":"<div class=\"wpb-content-wrapper\"><p>[vc_row][vc_column][vc_single_image image=&#8221;2683&#8243; img_size=&#8221;full&#8221; alignment=&#8221;center&#8221; style=&#8221;vc_box_shadow_border&#8221;][vc_column_text]<strong>OTORHINOLARYNGOLOGY (ORL)<\/strong><br \/>\ndeals with disease diagnostics and treatment, as well as ear, throat and nose functional impairments in children and adults.<\/p>\n<h3>The <strong>ORL CLINICAL EXAMINATION<\/strong> includes<\/h3>\n<ul>\n<li>otoscopy,<\/li>\n<li>rhinoscopy,<\/li>\n<li>oro-pharyngoscopy,<\/li>\n<li>posterior rhinoscopy for epipharynx examination<\/li>\n<li>indirect laryngoscopy for larynx examination<\/li>\n<li>neck soft tissues examination<\/li>\n<\/ul>\n<div>\n<h3><strong>EAR DISEASE DIAGNOSTIC PROCEDURES<\/strong><\/h3>\n<ul>\n<li>pure-tone audiometry<\/li>\n<li>Tympanometry with stapedial muscle reflex<\/li>\n<li>Position tests with vertigo<\/li>\n<\/ul>\n<div><strong>ALLERGY<\/strong> tests for inhalation allergens. Prick\u2019s test with Standard Allergenes.<\/div>\n<div><\/div>\n<div>\n<p><strong>THERAPEUTIC<\/strong> procedures with vertigo &#8211; manoeuvre<\/p>\n<p><strong>THERAPEUTIC<\/strong> procedures with facial paresis (facial nerve palsy) \u2013 blockages in the \u201cMEDIKOM\u201d outpatient center.<\/p>\n<p><strong>OTO-ACOUSTIC<\/strong> emissions \u2013 child hearing impairments early detection.<\/p>\n<p>The physicians doing the specialist ORL examinations in the <strong>\u201cMEDIKOM\u201d outpatient center<\/strong> are: Prim. Le\u0161tanin Branislav, MD and Prof. Haralampijev Kiril, MD, Ph.D.<\/p>\n<\/div>\n<\/div>\n<p>[\/vc_column_text][\/vc_column][\/vc_row]<\/p>\n<\/div>","protected":false},"excerpt":{"rendered":"<p>[vc_row][vc_column][vc_single_image image=&#8221;2683&#8243; img_size=&#8221;full&#8221; alignment=&#8221;center&#8221; style=&#8221;vc_box_shadow_border&#8221;][vc_column_text]OTORHINOLARYNGOLOGY (ORL) deals with disease diagnostics and &#8230; <\/p>\n","protected":false},"author":1,"featured_media":2662,"parent":2922,"menu_order":2,"comment_status":"closed","ping_status":"closed","template":"","meta":{"footnotes":""},"class_list":["post-2661","page","type-page","status-publish","has-post-thumbnail","hentry"],"yoast_head":"<!-- This site is optimized with the Yoast SEO plugin v26.7 - https:\/\/yoast.com\/wordpress\/plugins\/seo\/ -->\n<title>Ototinolaringologija-dijagnostika i le\u010denje bolesti uva, grla i nosa<\/title>\n<meta name=\"description\" content=\"Ototinolaringologija se bavi dijagnostikom i le\u010denjem bolesti i funkcionalnim poreme\u0107ajima uva, grla, nosa dece i odraslih.\" \/>\n<meta name=\"robots\" content=\"index, follow, max-snippet:-1, max-image-preview:large, max-video-preview:-1\" \/>\n<link rel=\"canonical\" href=\"https:\/\/www.medikompoliklinika.com\/en\/services\/otorhinolaryngology-orl\/\" \/>\n<meta property=\"og:locale\" content=\"en_US\" \/>\n<meta property=\"og:type\" content=\"article\" \/>\n<meta property=\"og:title\" content=\"Ototinolaringologija-dijagnostika i le\u010denje bolesti uva, grla i nosa\" \/>\n<meta property=\"og:description\" content=\"Ototinolaringologija se bavi dijagnostikom i le\u010denjem bolesti i funkcionalnim poreme\u0107ajima uva, grla, nosa dece i odraslih.\" \/>\n<meta property=\"og:url\" content=\"https:\/\/www.medikompoliklinika.com\/en\/services\/otorhinolaryngology-orl\/\" \/>\n<meta property=\"og:site_name\" content=\"Poliklinika Medikom Beograd\" \/>\n<meta property=\"article:publisher\" content=\"https:\/\/www.facebook.com\/poliklinika.medikom\/\" \/>\n<meta property=\"article:modified_time\" content=\"2020-11-08T07:57:55+00:00\" \/>\n<meta property=\"og:image\" content=\"https:\/\/www.medikompoliklinika.com\/wp-content\/uploads\/2020\/10\/orl.png\" \/>\n\t<meta property=\"og:image:width\" content=\"1200\" \/>\n\t<meta property=\"og:image:height\" content=\"800\" \/>\n\t<meta property=\"og:image:type\" content=\"image\/png\" \/>\n<meta name=\"twitter:card\" content=\"summary_large_image\" \/>\n<meta name=\"twitter:site\" content=\"@MEDIKOM_\" \/>\n<meta name=\"twitter:label1\" content=\"Est. reading time\" \/>\n\t<meta name=\"twitter:data1\" content=\"1 minute\" \/>\n<script type=\"application\/ld+json\" class=\"yoast-schema-graph\">{\"@context\":\"https:\/\/schema.org\",\"@graph\":[{\"@type\":\"WebPage\",\"@id\":\"https:\/\/www.medikompoliklinika.com\/en\/services\/otorhinolaryngology-orl\/\",\"url\":\"https:\/\/www.medikompoliklinika.com\/en\/services\/otorhinolaryngology-orl\/\",\"name\":\"Ototinolaringologija-dijagnostika i le\u010denje bolesti uva, grla i nosa\",\"isPartOf\":{\"@id\":\"https:\/\/www.medikompoliklinika.com\/en\/#website\"},\"primaryImageOfPage\":{\"@id\":\"https:\/\/www.medikompoliklinika.com\/en\/services\/otorhinolaryngology-orl\/#primaryimage\"},\"image\":{\"@id\":\"https:\/\/www.medikompoliklinika.com\/en\/services\/otorhinolaryngology-orl\/#primaryimage\"},\"thumbnailUrl\":\"https:\/\/www.medikompoliklinika.com\/wp-content\/uploads\/2020\/10\/orl.png\",\"datePublished\":\"2014-06-11T04:37:42+00:00\",\"dateModified\":\"2020-11-08T07:57:55+00:00\",\"description\":\"Ototinolaringologija se bavi dijagnostikom i le\u010denjem bolesti i funkcionalnim poreme\u0107ajima uva, grla, nosa dece i odraslih.\",\"breadcrumb\":{\"@id\":\"https:\/\/www.medikompoliklinika.com\/en\/services\/otorhinolaryngology-orl\/#breadcrumb\"},\"inLanguage\":\"en-US\",\"potentialAction\":[{\"@type\":\"ReadAction\",\"target\":[\"https:\/\/www.medikompoliklinika.com\/en\/services\/otorhinolaryngology-orl\/\"]}]},{\"@type\":\"ImageObject\",\"inLanguage\":\"en-US\",\"@id\":\"https:\/\/www.medikompoliklinika.com\/en\/services\/otorhinolaryngology-orl\/#primaryimage\",\"url\":\"https:\/\/www.medikompoliklinika.com\/wp-content\/uploads\/2020\/10\/orl.png\",\"contentUrl\":\"https:\/\/www.medikompoliklinika.com\/wp-content\/uploads\/2020\/10\/orl.png\",\"width\":1200,\"height\":800},{\"@type\":\"BreadcrumbList\",\"@id\":\"https:\/\/www.medikompoliklinika.com\/en\/services\/otorhinolaryngology-orl\/#breadcrumb\",\"itemListElement\":[{\"@type\":\"ListItem\",\"position\":1,\"name\":\"Home\",\"item\":\"https:\/\/www.medikompoliklinika.com\/en\/\"},{\"@type\":\"ListItem\",\"position\":2,\"name\":\"Services\",\"item\":\"https:\/\/www.medikompoliklinika.com\/en\/services\/\"},{\"@type\":\"ListItem\",\"position\":3,\"name\":\"OTORHINOLARYNGOLOGY (ORL)\"}]},{\"@type\":\"WebSite\",\"@id\":\"https:\/\/www.medikompoliklinika.com\/en\/#website\",\"url\":\"https:\/\/www.medikompoliklinika.com\/en\/\",\"name\":\"Poliklinika Medikom Beograd\",\"description\":\"Privatna poliklinika u Beogradu. Specijalisti\u010dki pregledi\",\"publisher\":{\"@id\":\"https:\/\/www.medikompoliklinika.com\/en\/#organization\"},\"potentialAction\":[{\"@type\":\"SearchAction\",\"target\":{\"@type\":\"EntryPoint\",\"urlTemplate\":\"https:\/\/www.medikompoliklinika.com\/en\/?s={search_term_string}\"},\"query-input\":{\"@type\":\"PropertyValueSpecification\",\"valueRequired\":true,\"valueName\":\"search_term_string\"}}],\"inLanguage\":\"en-US\"},{\"@type\":\"Organization\",\"@id\":\"https:\/\/www.medikompoliklinika.com\/en\/#organization\",\"name\":\"Poliklinika Medikom\",\"url\":\"https:\/\/www.medikompoliklinika.com\/en\/\",\"logo\":{\"@type\":\"ImageObject\",\"inLanguage\":\"en-US\",\"@id\":\"https:\/\/www.medikompoliklinika.com\/en\/#\/schema\/logo\/image\/\",\"url\":\"https:\/\/www.medikompoliklinika.com\/wp-content\/uploads\/2020\/09\/Poliklinika-Medikom-Logo2.png\",\"contentUrl\":\"https:\/\/www.medikompoliklinika.com\/wp-content\/uploads\/2020\/09\/Poliklinika-Medikom-Logo2.png\",\"width\":600,\"height\":111,\"caption\":\"Poliklinika Medikom\"},\"image\":{\"@id\":\"https:\/\/www.medikompoliklinika.com\/en\/#\/schema\/logo\/image\/\"},\"sameAs\":[\"https:\/\/www.facebook.com\/poliklinika.medikom\/\",\"https:\/\/x.com\/MEDIKOM_\",\"https:\/\/www.linkedin.com\/company\/poliklinika-medikom\/\"]}]}<\/script>\n<!-- \/ Yoast SEO plugin. -->","yoast_head_json":{"title":"Ototinolaringologija-dijagnostika i le\u010denje bolesti uva, grla i nosa","description":"Ototinolaringologija se bavi dijagnostikom i le\u010denjem bolesti i funkcionalnim poreme\u0107ajima uva, grla, nosa dece i odraslih.","robots":{"index":"index","follow":"follow","max-snippet":"max-snippet:-1","max-image-preview":"max-image-preview:large","max-video-preview":"max-video-preview:-1"},"canonical":"https:\/\/www.medikompoliklinika.com\/en\/services\/otorhinolaryngology-orl\/","og_locale":"en_US","og_type":"article","og_title":"Ototinolaringologija-dijagnostika i le\u010denje bolesti uva, grla i nosa","og_description":"Ototinolaringologija se bavi dijagnostikom i le\u010denjem bolesti i funkcionalnim poreme\u0107ajima uva, grla, nosa dece i odraslih.","og_url":"https:\/\/www.medikompoliklinika.com\/en\/services\/otorhinolaryngology-orl\/","og_site_name":"Poliklinika Medikom Beograd","article_publisher":"https:\/\/www.facebook.com\/poliklinika.medikom\/","article_modified_time":"2020-11-08T07:57:55+00:00","og_image":[{"width":1200,"height":800,"url":"https:\/\/www.medikompoliklinika.com\/wp-content\/uploads\/2020\/10\/orl.png","type":"image\/png"}],"twitter_card":"summary_large_image","twitter_site":"@MEDIKOM_","twitter_misc":{"Est. reading time":"1 minute"},"schema":{"@context":"https:\/\/schema.org","@graph":[{"@type":"WebPage","@id":"https:\/\/www.medikompoliklinika.com\/en\/services\/otorhinolaryngology-orl\/","url":"https:\/\/www.medikompoliklinika.com\/en\/services\/otorhinolaryngology-orl\/","name":"Ototinolaringologija-dijagnostika i le\u010denje bolesti uva, grla i nosa","isPartOf":{"@id":"https:\/\/www.medikompoliklinika.com\/en\/#website"},"primaryImageOfPage":{"@id":"https:\/\/www.medikompoliklinika.com\/en\/services\/otorhinolaryngology-orl\/#primaryimage"},"image":{"@id":"https:\/\/www.medikompoliklinika.com\/en\/services\/otorhinolaryngology-orl\/#primaryimage"},"thumbnailUrl":"https:\/\/www.medikompoliklinika.com\/wp-content\/uploads\/2020\/10\/orl.png","datePublished":"2014-06-11T04:37:42+00:00","dateModified":"2020-11-08T07:57:55+00:00","description":"Ototinolaringologija se bavi dijagnostikom i le\u010denjem bolesti i funkcionalnim poreme\u0107ajima uva, grla, nosa dece i odraslih.","breadcrumb":{"@id":"https:\/\/www.medikompoliklinika.com\/en\/services\/otorhinolaryngology-orl\/#breadcrumb"},"inLanguage":"en-US","potentialAction":[{"@type":"ReadAction","target":["https:\/\/www.medikompoliklinika.com\/en\/services\/otorhinolaryngology-orl\/"]}]},{"@type":"ImageObject","inLanguage":"en-US","@id":"https:\/\/www.medikompoliklinika.com\/en\/services\/otorhinolaryngology-orl\/#primaryimage","url":"https:\/\/www.medikompoliklinika.com\/wp-content\/uploads\/2020\/10\/orl.png","contentUrl":"https:\/\/www.medikompoliklinika.com\/wp-content\/uploads\/2020\/10\/orl.png","width":1200,"height":800},{"@type":"BreadcrumbList","@id":"https:\/\/www.medikompoliklinika.com\/en\/services\/otorhinolaryngology-orl\/#breadcrumb","itemListElement":[{"@type":"ListItem","position":1,"name":"Home","item":"https:\/\/www.medikompoliklinika.com\/en\/"},{"@type":"ListItem","position":2,"name":"Services","item":"https:\/\/www.medikompoliklinika.com\/en\/services\/"},{"@type":"ListItem","position":3,"name":"OTORHINOLARYNGOLOGY (ORL)"}]},{"@type":"WebSite","@id":"https:\/\/www.medikompoliklinika.com\/en\/#website","url":"https:\/\/www.medikompoliklinika.com\/en\/","name":"Poliklinika Medikom Beograd","description":"Privatna poliklinika u Beogradu. Specijalisti\u010dki pregledi","publisher":{"@id":"https:\/\/www.medikompoliklinika.com\/en\/#organization"},"potentialAction":[{"@type":"SearchAction","target":{"@type":"EntryPoint","urlTemplate":"https:\/\/www.medikompoliklinika.com\/en\/?s={search_term_string}"},"query-input":{"@type":"PropertyValueSpecification","valueRequired":true,"valueName":"search_term_string"}}],"inLanguage":"en-US"},{"@type":"Organization","@id":"https:\/\/www.medikompoliklinika.com\/en\/#organization","name":"Poliklinika Medikom","url":"https:\/\/www.medikompoliklinika.com\/en\/","logo":{"@type":"ImageObject","inLanguage":"en-US","@id":"https:\/\/www.medikompoliklinika.com\/en\/#\/schema\/logo\/image\/","url":"https:\/\/www.medikompoliklinika.com\/wp-content\/uploads\/2020\/09\/Poliklinika-Medikom-Logo2.png","contentUrl":"https:\/\/www.medikompoliklinika.com\/wp-content\/uploads\/2020\/09\/Poliklinika-Medikom-Logo2.png","width":600,"height":111,"caption":"Poliklinika Medikom"},"image":{"@id":"https:\/\/www.medikompoliklinika.com\/en\/#\/schema\/logo\/image\/"},"sameAs":["https:\/\/www.facebook.com\/poliklinika.medikom\/","https:\/\/x.com\/MEDIKOM_","https:\/\/www.linkedin.com\/company\/poliklinika-medikom\/"]}]}},"_links":{"self":[{"href":"https:\/\/www.medikompoliklinika.com\/en\/wp-json\/wp\/v2\/pages\/2661","targetHints":{"allow":["GET"]}}],"collection":[{"href":"https:\/\/www.medikompoliklinika.com\/en\/wp-json\/wp\/v2\/pages"}],"about":[{"href":"https:\/\/www.medikompoliklinika.com\/en\/wp-json\/wp\/v2\/types\/page"}],"author":[{"embeddable":true,"href":"https:\/\/www.medikompoliklinika.com\/en\/wp-json\/wp\/v2\/users\/1"}],"replies":[{"embeddable":true,"href":"https:\/\/www.medikompoliklinika.com\/en\/wp-json\/wp\/v2\/comments?post=2661"}],"version-history":[{"count":0,"href":"https:\/\/www.medikompoliklinika.com\/en\/wp-json\/wp\/v2\/pages\/2661\/revisions"}],"up":[{"embeddable":true,"href":"https:\/\/www.medikompoliklinika.com\/en\/wp-json\/wp\/v2\/pages\/2922"}],"wp:featuredmedia":[{"embeddable":true,"href":"https:\/\/www.medikompoliklinika.com\/en\/wp-json\/wp\/v2\/media\/2662"}],"wp:attachment":[{"href":"https:\/\/www.medikompoliklinika.com\/en\/wp-json\/wp\/v2\/media?parent=2661"}],"curies":[{"name":"wp","href":"https:\/\/api.w.org\/{rel}","templated":true}]}}