{"id":2763,"date":"2011-03-02T11:35:47","date_gmt":"2011-03-02T10:35:47","guid":{"rendered":"https:\/\/www.medikompoliklinika.com\/laboratorija\/"},"modified":"2020-11-09T08:46:18","modified_gmt":"2020-11-09T07:46:18","slug":"laboratory","status":"publish","type":"page","link":"https:\/\/www.medikompoliklinika.com\/en\/services\/laboratory\/","title":{"rendered":"Laboratory"},"content":{"rendered":"<div class=\"wpb-content-wrapper\"><p>[vc_row][vc_column][vc_single_image image=&#8221;2764&#8243; img_size=&#8221;full&#8221; alignment=&#8221;center&#8221; style=&#8221;vc_box_shadow_border&#8221;][vc_column_text]<\/p>\n<h2 style=\"text-align: left;\"><span class=\"VIiyi\" lang=\"en\"><span class=\"JLqJ4b ChMk0b\" data-language-for-alternatives=\"en\" data-language-to-translate-into=\"sr\" data-phrase-index=\"0\">At Medikom center you can do the following laboratory analyzes:<\/span><\/span><\/h2>\n<ul>\n<li>Complete urine examination<\/li>\n<li>Urine proteins<\/li>\n<li>Micro-albumins<\/li>\n<li>Narcotics \u2013 heroin<\/li>\n<li>Narcotics \u2013 cannabinoids<\/li>\n<li>Narcotics \u2013 cocaine<\/li>\n<li>Narcotics \u2013 ecstasy<\/li>\n<li>Urine test for pregnancy<\/li>\n<li>Catecholamines<\/li>\n<li>VMA<\/li>\n<li>Ketosteroids<\/li>\n<li>17OH-chorticosteroids<\/li>\n<li>5 HIA<\/li>\n<li>Porphyrins<\/li>\n<li>Bense Jones proteins<\/li>\n<li>Osmolarity<\/li>\n<li>Calculus analysis<\/li>\n<li>Urine amylase<\/li>\n<\/ul>\n<ul>\n<li>Blood picture (blood count) and leukocytic formula<\/li>\n<li>Leukocytic formula<\/li>\n<li>Reticulocytes<\/li>\n<li>Leukocytes (thrombocytes)<\/li>\n<li>Blood eosinophils<\/li>\n<li>Nose eosinophils<\/li>\n<li>Bleeding and coagulation time<\/li>\n<li>Coombs\u2019 test<\/li>\n<li>Blood Type and Rh-factor<\/li>\n<li>Rh-antibodies<\/li>\n<li>Erythrocytes sedimentation<\/li>\n<\/ul>\n<ul>\n<li>Coagulation tests<\/li>\n<li>Prothrombin time<\/li>\n<li>TT<\/li>\n<li>PTT<\/li>\n<li>Fibrinogen<\/li>\n<li>D-dimer<\/li>\n<li>Heparin<\/li>\n<\/ul>\n<ul>\n<li>Glucose (blood sugar)<\/li>\n<li>OGTT<\/li>\n<li>HbA1c<\/li>\n<li>Insulin<\/li>\n<li>Anti-insulin antibodies<\/li>\n<li>C-peptid<\/li>\n<li>Fructosamid<\/li>\n<li>GAD antibodies<\/li>\n<li>Anti IA2<\/li>\n<\/ul>\n<ul>\n<li>\u00a0LIPID PROFILE<\/li>\n<li>Cholesterol<\/li>\n<li>HDL-cholesterol<\/li>\n<li>LDL-cholesterol<\/li>\n<li>Triglycerides<\/li>\n<li>Apo A<\/li>\n<li>Apo B<\/li>\n<li>Lipoprotein a (Lpa)<\/li>\n<li>LDL-oxydated<\/li>\n<li>Blood histamine<\/li>\n<\/ul>\n<h3>COMPLETE BIOCHEMICAL ANALYSIS<\/h3>\n<ul>\n<li>Urea<\/li>\n<li>Creatinine<\/li>\n<li>Uric acid<\/li>\n<li>Bilirubin TOTAL<\/li>\n<li>Bilirubin DIRECT \u2013 conjugated<\/li>\n<li>Proteins TOTAL<\/li>\n<li>Albumins<\/li>\n<li>ENZYMES<\/li>\n<li>ALT (SGPT)<\/li>\n<li>AST (SGOT)<\/li>\n<li>ALP<\/li>\n<li>LDH<\/li>\n<li>Gamma GT<\/li>\n<li>Cholinesterase<\/li>\n<li>Acid Phosphatase<\/li>\n<li>Prostatic KF<\/li>\n<li>Amylase<\/li>\n<li>Pancreatic Amylase<\/li>\n<li>Lipase<\/li>\n<li>CK-NAC kreatin kinase<\/li>\n<li>CK-MB<\/li>\n<li>Troponim I<\/li>\n<\/ul>\n<h3>ELECTROLYTES<\/h3>\n<ul>\n<li>Sodium (Na)<\/li>\n<li>Calcium (Ca)<\/li>\n<li>Ionized calcium<\/li>\n<li>Inorganic phosphate<\/li>\n<li>Magnesium (Mg)<\/li>\n<li>Chlorides<\/li>\n<li>Zinc (Zn)<\/li>\n<li>Copper (Cu)<\/li>\n<li>Ceruloplasmine<\/li>\n<\/ul>\n<h3>ANAEMIA<\/h3>\n<ul>\n<li>Iron (Fe)<\/li>\n<li>TIBC-UIBC<\/li>\n<li>B12-Vitamin<\/li>\n<li>Folate (S)<\/li>\n<li>Transferin receptors<\/li>\n<li>Ferritin<\/li>\n<li>Transferin receptors<\/li>\n<li>Haptoglobin<\/li>\n<li>D 250H Vitamin<\/li>\n<\/ul>\n<h3>TUMOUR MARKERS<\/h3>\n<ul>\n<li>AFP (liver, testicles)<\/li>\n<li>CEA (general, colon)<\/li>\n<li>CA 15-3 (breast)<\/li>\n<li>CA 125 (ovaries)<\/li>\n<li>CA 19-9 (pancreas and colon)<\/li>\n<li>PSA (prostate)<\/li>\n<li>Free PSA (prostate)<\/li>\n<li>CA 72-4 (stomach)<\/li>\n<li>Cyfra 21-1 (lungs)<\/li>\n<li>NSE (lungs)<\/li>\n<li>Beta-2- micro-globulin<\/li>\n<li>TATI<\/li>\n<li>ACE<\/li>\n<\/ul>\n<h3>HORMONES<\/h3>\n<ul>\n<li>T3-triodthyronine<\/li>\n<li>T4-thyroxine<\/li>\n<li>fT3 \u2013 free T3<\/li>\n<li>fT4 \u2013 free T4<\/li>\n<li>TSH<\/li>\n<li>Anti-TG antibodies<\/li>\n<li>Anti-TPO antibodies (Mc antibodies)<\/li>\n<li>Thyroglobulin<\/li>\n<li>Calcitonin<\/li>\n<li>TBG<\/li>\n<li>Auto antibodies for TSH receptors<\/li>\n<li>Beta HCG<\/li>\n<li>Estradiol<\/li>\n<li>FSH<\/li>\n<li>LH<\/li>\n<li>Prolactin<\/li>\n<li>Progesterone<\/li>\n<li>Testosterone<\/li>\n<li>Free testosterone<\/li>\n<li>Dihydro-testosterone<\/li>\n<li>SHBG<\/li>\n<li>DHEA-S<\/li>\n<li>17-OH Progesterone<\/li>\n<li>Androsteredione<\/li>\n<li>Inhibin B<\/li>\n<li>Anti Mullerian hormone<\/li>\n<li>ACTH<\/li>\n<li>Cortisol<\/li>\n<li>PTH Intact<\/li>\n<li>HGH growth hormone<\/li>\n<li>IGF1<\/li>\n<li>IGFBP3<\/li>\n<li>Homocysteine<\/li>\n<li>Aldosterone<\/li>\n<li>Angiotensin (PRA)<\/li>\n<li>Adh (vasopressin)<\/li>\n<li>Adrenaline<\/li>\n<li>Noradrenaline<\/li>\n<li>Dopamine<\/li>\n<li>Leptin<\/li>\n<li>Osteocalcin<\/li>\n<li>CrossLaps<\/li>\n<li>Gastrin<\/li>\n<\/ul>\n<h3>PREGNANCY MARKERS<\/h3>\n<ul>\n<li>PAPP-A<\/li>\n<li>Free beta HCG<\/li>\n<li>Estriol free (E3)<\/li>\n<li>DOUBLE, TRIPLE AND QUADRUPLE TEST<\/li>\n<\/ul>\n<h3>MEDICAMENTS-IN- BLOOD TESTS<\/h3>\n<ul>\n<li>Valproic acid<\/li>\n<li>Carbamazepine<\/li>\n<li>Phenobarbitone<\/li>\n<li>Phenitoin<\/li>\n<li>Digoxin<\/li>\n<li>Ephtil<\/li>\n<\/ul>\n<h3>VIRUSES<\/h3>\n<ul>\n<li>HIV<\/li>\n<li>HAV<\/li>\n<li>HBsAg<\/li>\n<li>HCV<\/li>\n<li>Anti-HBs<\/li>\n<li>HbeAg<\/li>\n<li>Anti-HBe<\/li>\n<li>Anti-HBc IgM (core)<\/li>\n<li>Anti-HBc \u2013 total<\/li>\n<li>Toxoplasma<\/li>\n<li>Rubella<\/li>\n<li>CMV<\/li>\n<li>HSV I<\/li>\n<li>HSV II<\/li>\n<li>VZV<\/li>\n<li>Paul-Bunnell<\/li>\n<li>Ebstein-Barr (Infectious Mononucleosis)<\/li>\n<li>Adenovirus<\/li>\n<li>Mycoplasma pneumonae<\/li>\n<li>Borrelia Burgdorferi<\/li>\n<li>Coxsackie virus<\/li>\n<li>Echinococcus<\/li>\n<li>Cistocircosis<\/li>\n<li>Chlamydia<\/li>\n<li>VDRL + TPHA<\/li>\n<li>Trichinela Spiralis<\/li>\n<li>Lysteria Monocytogenes<\/li>\n<li>Brucella<\/li>\n<li>Mumps<\/li>\n<li>Parvo B19<\/li>\n<li>Influenza A<\/li>\n<li>Influenza B<\/li>\n<\/ul>\n<h3>MICROBIOLOGY<\/h3>\n<ul>\n<li>Urine culture<\/li>\n<li>Pernasal swab<\/li>\n<li>Pharyngeal swab<\/li>\n<li>Wound swab<\/li>\n<li>Eye swab<\/li>\n<li>Ear swab<\/li>\n<li>Skin smear<\/li>\n<li>Dermatophytes<\/li>\n<li>Sputum culture (sample)<\/li>\n<li>Sputum (Levenstein) sample<\/li>\n<li>Genital smears<\/li>\n<li>Vaginal secretion smear and bacteriological vaginosis<\/li>\n<li>Chlamydia<\/li>\n<li>Mycoplasma<\/li>\n<li>Ureaplasma<\/li>\n<li>Spermoculture<\/li>\n<li>Spermogram<\/li>\n<li>Haemoculture (aerobic)<\/li>\n<li>Haemoculture (anaerobic)<\/li>\n<li>Coproculture<\/li>\n<li>Stool analysis for parasites and protozoa<\/li>\n<li>Stool analysis for occult bleeding<\/li>\n<li>Perianal swabbing<\/li>\n<li>Adenovirus<\/li>\n<li>Rotavirus<\/li>\n<\/ul>\n<h3>FOOD INTOLERANCE TESTS<\/h3>\n<p>[\/vc_column_text][\/vc_column][\/vc_row]<\/p>\n<\/div>","protected":false},"excerpt":{"rendered":"<p>[vc_row][vc_column][vc_single_image image=&#8221;2764&#8243; img_size=&#8221;full&#8221; alignment=&#8221;center&#8221; style=&#8221;vc_box_shadow_border&#8221;][vc_column_text] At Medikom center you can do &#8230; <\/p>\n","protected":false},"author":1,"featured_media":2764,"parent":2922,"menu_order":36,"comment_status":"closed","ping_status":"closed","template":"","meta":{"footnotes":""},"class_list":["post-2763","page","type-page","status-publish","has-post-thumbnail","hentry"],"yoast_head":"<!-- This site is optimized with the Yoast SEO plugin v26.7 - https:\/\/yoast.com\/wordpress\/plugins\/seo\/ -->\n<title>Laboratorija-sve laboratorijske analize koje mo\u017eete uraditi kod nas<\/title>\n<meta name=\"description\" content=\"Pregled urina, krvna i leukocitarna slika, testovi koagulacije, \u0161e\u0107er i krvi, lipidni status, kompletna biohemija...\" \/>\n<meta name=\"robots\" content=\"index, follow, max-snippet:-1, max-image-preview:large, max-video-preview:-1\" \/>\n<link rel=\"canonical\" href=\"https:\/\/www.medikompoliklinika.com\/en\/services\/laboratory\/\" \/>\n<meta property=\"og:locale\" content=\"en_US\" \/>\n<meta property=\"og:type\" content=\"article\" \/>\n<meta property=\"og:title\" content=\"Laboratorija-sve laboratorijske analize koje mo\u017eete uraditi kod nas\" \/>\n<meta property=\"og:description\" content=\"Pregled urina, krvna i leukocitarna slika, testovi koagulacije, \u0161e\u0107er i krvi, lipidni status, kompletna biohemija...\" \/>\n<meta property=\"og:url\" content=\"https:\/\/www.medikompoliklinika.com\/en\/services\/laboratory\/\" \/>\n<meta property=\"og:site_name\" content=\"Poliklinika Medikom Beograd\" \/>\n<meta property=\"article:publisher\" content=\"https:\/\/www.facebook.com\/poliklinika.medikom\/\" \/>\n<meta property=\"article:modified_time\" content=\"2020-11-09T07:46:18+00:00\" \/>\n<meta property=\"og:image\" content=\"https:\/\/www.medikompoliklinika.com\/wp-content\/uploads\/2020\/10\/laboratorija-1.jpg\" \/>\n\t<meta property=\"og:image:width\" content=\"1024\" \/>\n\t<meta property=\"og:image:height\" content=\"800\" \/>\n\t<meta property=\"og:image:type\" content=\"image\/jpeg\" \/>\n<meta name=\"twitter:card\" content=\"summary_large_image\" \/>\n<meta name=\"twitter:site\" content=\"@MEDIKOM_\" \/>\n<meta name=\"twitter:label1\" content=\"Est. reading time\" \/>\n\t<meta name=\"twitter:data1\" content=\"2 minutes\" \/>\n<script type=\"application\/ld+json\" class=\"yoast-schema-graph\">{\"@context\":\"https:\/\/schema.org\",\"@graph\":[{\"@type\":\"WebPage\",\"@id\":\"https:\/\/www.medikompoliklinika.com\/en\/services\/laboratory\/\",\"url\":\"https:\/\/www.medikompoliklinika.com\/en\/services\/laboratory\/\",\"name\":\"Laboratorija-sve laboratorijske analize koje mo\u017eete uraditi kod nas\",\"isPartOf\":{\"@id\":\"https:\/\/www.medikompoliklinika.com\/en\/#website\"},\"primaryImageOfPage\":{\"@id\":\"https:\/\/www.medikompoliklinika.com\/en\/services\/laboratory\/#primaryimage\"},\"image\":{\"@id\":\"https:\/\/www.medikompoliklinika.com\/en\/services\/laboratory\/#primaryimage\"},\"thumbnailUrl\":\"https:\/\/www.medikompoliklinika.com\/wp-content\/uploads\/2020\/10\/laboratorija-1.jpg\",\"datePublished\":\"2011-03-02T10:35:47+00:00\",\"dateModified\":\"2020-11-09T07:46:18+00:00\",\"description\":\"Pregled urina, krvna i leukocitarna slika, testovi koagulacije, \u0161e\u0107er i krvi, lipidni status, kompletna biohemija...\",\"breadcrumb\":{\"@id\":\"https:\/\/www.medikompoliklinika.com\/en\/services\/laboratory\/#breadcrumb\"},\"inLanguage\":\"en-US\",\"potentialAction\":[{\"@type\":\"ReadAction\",\"target\":[\"https:\/\/www.medikompoliklinika.com\/en\/services\/laboratory\/\"]}]},{\"@type\":\"ImageObject\",\"inLanguage\":\"en-US\",\"@id\":\"https:\/\/www.medikompoliklinika.com\/en\/services\/laboratory\/#primaryimage\",\"url\":\"https:\/\/www.medikompoliklinika.com\/wp-content\/uploads\/2020\/10\/laboratorija-1.jpg\",\"contentUrl\":\"https:\/\/www.medikompoliklinika.com\/wp-content\/uploads\/2020\/10\/laboratorija-1.jpg\",\"width\":1024,\"height\":800},{\"@type\":\"BreadcrumbList\",\"@id\":\"https:\/\/www.medikompoliklinika.com\/en\/services\/laboratory\/#breadcrumb\",\"itemListElement\":[{\"@type\":\"ListItem\",\"position\":1,\"name\":\"Home\",\"item\":\"https:\/\/www.medikompoliklinika.com\/en\/\"},{\"@type\":\"ListItem\",\"position\":2,\"name\":\"Services\",\"item\":\"https:\/\/www.medikompoliklinika.com\/en\/services\/\"},{\"@type\":\"ListItem\",\"position\":3,\"name\":\"Laboratory\"}]},{\"@type\":\"WebSite\",\"@id\":\"https:\/\/www.medikompoliklinika.com\/en\/#website\",\"url\":\"https:\/\/www.medikompoliklinika.com\/en\/\",\"name\":\"Poliklinika Medikom Beograd\",\"description\":\"Privatna poliklinika u Beogradu. Specijalisti\u010dki pregledi\",\"publisher\":{\"@id\":\"https:\/\/www.medikompoliklinika.com\/en\/#organization\"},\"potentialAction\":[{\"@type\":\"SearchAction\",\"target\":{\"@type\":\"EntryPoint\",\"urlTemplate\":\"https:\/\/www.medikompoliklinika.com\/en\/?s={search_term_string}\"},\"query-input\":{\"@type\":\"PropertyValueSpecification\",\"valueRequired\":true,\"valueName\":\"search_term_string\"}}],\"inLanguage\":\"en-US\"},{\"@type\":\"Organization\",\"@id\":\"https:\/\/www.medikompoliklinika.com\/en\/#organization\",\"name\":\"Poliklinika Medikom\",\"url\":\"https:\/\/www.medikompoliklinika.com\/en\/\",\"logo\":{\"@type\":\"ImageObject\",\"inLanguage\":\"en-US\",\"@id\":\"https:\/\/www.medikompoliklinika.com\/en\/#\/schema\/logo\/image\/\",\"url\":\"https:\/\/www.medikompoliklinika.com\/wp-content\/uploads\/2020\/09\/Poliklinika-Medikom-Logo2.png\",\"contentUrl\":\"https:\/\/www.medikompoliklinika.com\/wp-content\/uploads\/2020\/09\/Poliklinika-Medikom-Logo2.png\",\"width\":600,\"height\":111,\"caption\":\"Poliklinika Medikom\"},\"image\":{\"@id\":\"https:\/\/www.medikompoliklinika.com\/en\/#\/schema\/logo\/image\/\"},\"sameAs\":[\"https:\/\/www.facebook.com\/poliklinika.medikom\/\",\"https:\/\/x.com\/MEDIKOM_\",\"https:\/\/www.linkedin.com\/company\/poliklinika-medikom\/\"]}]}<\/script>\n<!-- \/ Yoast SEO plugin. -->","yoast_head_json":{"title":"Laboratorija-sve laboratorijske analize koje mo\u017eete uraditi kod nas","description":"Pregled urina, krvna i leukocitarna slika, testovi koagulacije, \u0161e\u0107er i krvi, lipidni status, kompletna biohemija...","robots":{"index":"index","follow":"follow","max-snippet":"max-snippet:-1","max-image-preview":"max-image-preview:large","max-video-preview":"max-video-preview:-1"},"canonical":"https:\/\/www.medikompoliklinika.com\/en\/services\/laboratory\/","og_locale":"en_US","og_type":"article","og_title":"Laboratorija-sve laboratorijske analize koje mo\u017eete uraditi kod nas","og_description":"Pregled urina, krvna i leukocitarna slika, testovi koagulacije, \u0161e\u0107er i krvi, lipidni status, kompletna biohemija...","og_url":"https:\/\/www.medikompoliklinika.com\/en\/services\/laboratory\/","og_site_name":"Poliklinika Medikom Beograd","article_publisher":"https:\/\/www.facebook.com\/poliklinika.medikom\/","article_modified_time":"2020-11-09T07:46:18+00:00","og_image":[{"width":1024,"height":800,"url":"https:\/\/www.medikompoliklinika.com\/wp-content\/uploads\/2020\/10\/laboratorija-1.jpg","type":"image\/jpeg"}],"twitter_card":"summary_large_image","twitter_site":"@MEDIKOM_","twitter_misc":{"Est. reading time":"2 minutes"},"schema":{"@context":"https:\/\/schema.org","@graph":[{"@type":"WebPage","@id":"https:\/\/www.medikompoliklinika.com\/en\/services\/laboratory\/","url":"https:\/\/www.medikompoliklinika.com\/en\/services\/laboratory\/","name":"Laboratorija-sve laboratorijske analize koje mo\u017eete uraditi kod nas","isPartOf":{"@id":"https:\/\/www.medikompoliklinika.com\/en\/#website"},"primaryImageOfPage":{"@id":"https:\/\/www.medikompoliklinika.com\/en\/services\/laboratory\/#primaryimage"},"image":{"@id":"https:\/\/www.medikompoliklinika.com\/en\/services\/laboratory\/#primaryimage"},"thumbnailUrl":"https:\/\/www.medikompoliklinika.com\/wp-content\/uploads\/2020\/10\/laboratorija-1.jpg","datePublished":"2011-03-02T10:35:47+00:00","dateModified":"2020-11-09T07:46:18+00:00","description":"Pregled urina, krvna i leukocitarna slika, testovi koagulacije, \u0161e\u0107er i krvi, lipidni status, kompletna biohemija...","breadcrumb":{"@id":"https:\/\/www.medikompoliklinika.com\/en\/services\/laboratory\/#breadcrumb"},"inLanguage":"en-US","potentialAction":[{"@type":"ReadAction","target":["https:\/\/www.medikompoliklinika.com\/en\/services\/laboratory\/"]}]},{"@type":"ImageObject","inLanguage":"en-US","@id":"https:\/\/www.medikompoliklinika.com\/en\/services\/laboratory\/#primaryimage","url":"https:\/\/www.medikompoliklinika.com\/wp-content\/uploads\/2020\/10\/laboratorija-1.jpg","contentUrl":"https:\/\/www.medikompoliklinika.com\/wp-content\/uploads\/2020\/10\/laboratorija-1.jpg","width":1024,"height":800},{"@type":"BreadcrumbList","@id":"https:\/\/www.medikompoliklinika.com\/en\/services\/laboratory\/#breadcrumb","itemListElement":[{"@type":"ListItem","position":1,"name":"Home","item":"https:\/\/www.medikompoliklinika.com\/en\/"},{"@type":"ListItem","position":2,"name":"Services","item":"https:\/\/www.medikompoliklinika.com\/en\/services\/"},{"@type":"ListItem","position":3,"name":"Laboratory"}]},{"@type":"WebSite","@id":"https:\/\/www.medikompoliklinika.com\/en\/#website","url":"https:\/\/www.medikompoliklinika.com\/en\/","name":"Poliklinika Medikom Beograd","description":"Privatna poliklinika u Beogradu. Specijalisti\u010dki pregledi","publisher":{"@id":"https:\/\/www.medikompoliklinika.com\/en\/#organization"},"potentialAction":[{"@type":"SearchAction","target":{"@type":"EntryPoint","urlTemplate":"https:\/\/www.medikompoliklinika.com\/en\/?s={search_term_string}"},"query-input":{"@type":"PropertyValueSpecification","valueRequired":true,"valueName":"search_term_string"}}],"inLanguage":"en-US"},{"@type":"Organization","@id":"https:\/\/www.medikompoliklinika.com\/en\/#organization","name":"Poliklinika Medikom","url":"https:\/\/www.medikompoliklinika.com\/en\/","logo":{"@type":"ImageObject","inLanguage":"en-US","@id":"https:\/\/www.medikompoliklinika.com\/en\/#\/schema\/logo\/image\/","url":"https:\/\/www.medikompoliklinika.com\/wp-content\/uploads\/2020\/09\/Poliklinika-Medikom-Logo2.png","contentUrl":"https:\/\/www.medikompoliklinika.com\/wp-content\/uploads\/2020\/09\/Poliklinika-Medikom-Logo2.png","width":600,"height":111,"caption":"Poliklinika Medikom"},"image":{"@id":"https:\/\/www.medikompoliklinika.com\/en\/#\/schema\/logo\/image\/"},"sameAs":["https:\/\/www.facebook.com\/poliklinika.medikom\/","https:\/\/x.com\/MEDIKOM_","https:\/\/www.linkedin.com\/company\/poliklinika-medikom\/"]}]}},"_links":{"self":[{"href":"https:\/\/www.medikompoliklinika.com\/en\/wp-json\/wp\/v2\/pages\/2763","targetHints":{"allow":["GET"]}}],"collection":[{"href":"https:\/\/www.medikompoliklinika.com\/en\/wp-json\/wp\/v2\/pages"}],"about":[{"href":"https:\/\/www.medikompoliklinika.com\/en\/wp-json\/wp\/v2\/types\/page"}],"author":[{"embeddable":true,"href":"https:\/\/www.medikompoliklinika.com\/en\/wp-json\/wp\/v2\/users\/1"}],"replies":[{"embeddable":true,"href":"https:\/\/www.medikompoliklinika.com\/en\/wp-json\/wp\/v2\/comments?post=2763"}],"version-history":[{"count":0,"href":"https:\/\/www.medikompoliklinika.com\/en\/wp-json\/wp\/v2\/pages\/2763\/revisions"}],"up":[{"embeddable":true,"href":"https:\/\/www.medikompoliklinika.com\/en\/wp-json\/wp\/v2\/pages\/2922"}],"wp:featuredmedia":[{"embeddable":true,"href":"https:\/\/www.medikompoliklinika.com\/en\/wp-json\/wp\/v2\/media\/2764"}],"wp:attachment":[{"href":"https:\/\/www.medikompoliklinika.com\/en\/wp-json\/wp\/v2\/media?parent=2763"}],"curies":[{"name":"wp","href":"https:\/\/api.w.org\/{rel}","templated":true}]}}