{"id":2785,"date":"2011-03-02T11:35:05","date_gmt":"2011-03-02T10:35:05","guid":{"rendered":"https:\/\/www.medikompoliklinika.com\/oftalmologija\/"},"modified":"2020-11-09T08:29:36","modified_gmt":"2020-11-09T07:29:36","slug":"ophtalmology","status":"publish","type":"page","link":"https:\/\/www.medikompoliklinika.com\/en\/services\/ophtalmology\/","title":{"rendered":"Ophtalmology"},"content":{"rendered":"<div class=\"wpb-content-wrapper\"><p>[vc_row][vc_column][vc_single_image image=&#8221;2786&#8243; img_size=&#8221;full&#8221; alignment=&#8221;center&#8221; style=&#8221;vc_box_shadow_border&#8221;][vc_column_text]<\/p>\n<h2>Ophtalmologist Examination \u2013 Eye Examination<\/h2>\n<p>The examination by an ophthalmologist, the eye physician is one of the examinations you need to do regularly at least once a year. The alterations can be detected in the earliest stages, and it is then that the curability is most likely.<\/p>\n<h3>What does the eye examination cover?<\/h3>\n<p>A complete eye examination includes: several sight assessment examinations and examinations for the detection of eye diseases if any. The examination in itself is not painful, although strong lights and strange instruments are used during the examinations. It examines:<\/p>\n<ul>\n<li>Visual acuity<\/li>\n<li>Eye refraction (light refraction in the eye)<\/li>\n<li>All eye parts; muscles activating the eye, eyelids, pupils, eye fundus are examined and visual field and intraocular pressure measured. The examination can not only detect glaucoma, but also systemic diseases that only have an impact on the eye, such as hypertension and Diabetes mellitus and many other diseases.<\/li>\n<\/ul>\n<p>An eye examination is required for children aged 3 (three) and pre-elementary school children and later on, as well as for adults, once in a year.[\/vc_column_text][\/vc_column][\/vc_row]<\/p>\n<\/div>","protected":false},"excerpt":{"rendered":"<p>[vc_row][vc_column][vc_single_image image=&#8221;2786&#8243; img_size=&#8221;full&#8221; alignment=&#8221;center&#8221; style=&#8221;vc_box_shadow_border&#8221;][vc_column_text] Ophtalmologist Examination \u2013 Eye Examination The &#8230; <\/p>\n","protected":false},"author":1,"featured_media":2786,"parent":2922,"menu_order":37,"comment_status":"closed","ping_status":"closed","template":"","meta":{"footnotes":""},"class_list":["post-2785","page","type-page","status-publish","has-post-thumbnail","hentry"],"yoast_head":"<!-- This site is optimized with the Yoast SEO plugin v26.7 - https:\/\/yoast.com\/wordpress\/plugins\/seo\/ -->\n<title>Oftamologija - o\u010dni pregled za procenu vida i otkrivanje o\u010dnih bolesti<\/title>\n<meta name=\"description\" content=\"Oftamologijom se ispituje vidna o\u0161trina, refrakcija oka, pregledaju se svi delovi oka, kapci, zenice, o\u010dno dno, pritisak u o\u010dima ...\" \/>\n<meta name=\"robots\" content=\"index, follow, max-snippet:-1, max-image-preview:large, max-video-preview:-1\" \/>\n<link rel=\"canonical\" href=\"https:\/\/www.medikompoliklinika.com\/en\/services\/ophtalmology\/\" \/>\n<meta property=\"og:locale\" content=\"en_US\" \/>\n<meta property=\"og:type\" content=\"article\" \/>\n<meta property=\"og:title\" content=\"Oftamologija - o\u010dni pregled za procenu vida i otkrivanje o\u010dnih bolesti\" \/>\n<meta property=\"og:description\" content=\"Oftamologijom se ispituje vidna o\u0161trina, refrakcija oka, pregledaju se svi delovi oka, kapci, zenice, o\u010dno dno, pritisak u o\u010dima ...\" \/>\n<meta property=\"og:url\" content=\"https:\/\/www.medikompoliklinika.com\/en\/services\/ophtalmology\/\" \/>\n<meta property=\"og:site_name\" content=\"Poliklinika Medikom Beograd\" \/>\n<meta property=\"article:publisher\" content=\"https:\/\/www.facebook.com\/poliklinika.medikom\/\" \/>\n<meta property=\"article:modified_time\" content=\"2020-11-09T07:29:36+00:00\" \/>\n<meta property=\"og:image\" content=\"https:\/\/www.medikompoliklinika.com\/wp-content\/uploads\/2020\/10\/ofto.jpg\" \/>\n\t<meta property=\"og:image:width\" content=\"1200\" \/>\n\t<meta property=\"og:image:height\" content=\"900\" \/>\n\t<meta property=\"og:image:type\" content=\"image\/jpeg\" \/>\n<meta name=\"twitter:card\" content=\"summary_large_image\" \/>\n<meta name=\"twitter:site\" content=\"@MEDIKOM_\" \/>\n<meta name=\"twitter:label1\" content=\"Est. reading time\" \/>\n\t<meta name=\"twitter:data1\" content=\"1 minute\" \/>\n<script type=\"application\/ld+json\" class=\"yoast-schema-graph\">{\"@context\":\"https:\/\/schema.org\",\"@graph\":[{\"@type\":\"WebPage\",\"@id\":\"https:\/\/www.medikompoliklinika.com\/en\/services\/ophtalmology\/\",\"url\":\"https:\/\/www.medikompoliklinika.com\/en\/services\/ophtalmology\/\",\"name\":\"Oftamologija - o\u010dni pregled za procenu vida i otkrivanje o\u010dnih bolesti\",\"isPartOf\":{\"@id\":\"https:\/\/www.medikompoliklinika.com\/en\/#website\"},\"primaryImageOfPage\":{\"@id\":\"https:\/\/www.medikompoliklinika.com\/en\/services\/ophtalmology\/#primaryimage\"},\"image\":{\"@id\":\"https:\/\/www.medikompoliklinika.com\/en\/services\/ophtalmology\/#primaryimage\"},\"thumbnailUrl\":\"https:\/\/www.medikompoliklinika.com\/wp-content\/uploads\/2020\/10\/ofto.jpg\",\"datePublished\":\"2011-03-02T10:35:05+00:00\",\"dateModified\":\"2020-11-09T07:29:36+00:00\",\"description\":\"Oftamologijom se ispituje vidna o\u0161trina, refrakcija oka, pregledaju se svi delovi oka, kapci, zenice, o\u010dno dno, pritisak u o\u010dima ...\",\"breadcrumb\":{\"@id\":\"https:\/\/www.medikompoliklinika.com\/en\/services\/ophtalmology\/#breadcrumb\"},\"inLanguage\":\"en-US\",\"potentialAction\":[{\"@type\":\"ReadAction\",\"target\":[\"https:\/\/www.medikompoliklinika.com\/en\/services\/ophtalmology\/\"]}]},{\"@type\":\"ImageObject\",\"inLanguage\":\"en-US\",\"@id\":\"https:\/\/www.medikompoliklinika.com\/en\/services\/ophtalmology\/#primaryimage\",\"url\":\"https:\/\/www.medikompoliklinika.com\/wp-content\/uploads\/2020\/10\/ofto.jpg\",\"contentUrl\":\"https:\/\/www.medikompoliklinika.com\/wp-content\/uploads\/2020\/10\/ofto.jpg\",\"width\":1200,\"height\":900},{\"@type\":\"BreadcrumbList\",\"@id\":\"https:\/\/www.medikompoliklinika.com\/en\/services\/ophtalmology\/#breadcrumb\",\"itemListElement\":[{\"@type\":\"ListItem\",\"position\":1,\"name\":\"Home\",\"item\":\"https:\/\/www.medikompoliklinika.com\/en\/\"},{\"@type\":\"ListItem\",\"position\":2,\"name\":\"Services\",\"item\":\"https:\/\/www.medikompoliklinika.com\/en\/services\/\"},{\"@type\":\"ListItem\",\"position\":3,\"name\":\"Ophtalmology\"}]},{\"@type\":\"WebSite\",\"@id\":\"https:\/\/www.medikompoliklinika.com\/en\/#website\",\"url\":\"https:\/\/www.medikompoliklinika.com\/en\/\",\"name\":\"Poliklinika Medikom Beograd\",\"description\":\"Privatna poliklinika u Beogradu. Specijalisti\u010dki pregledi\",\"publisher\":{\"@id\":\"https:\/\/www.medikompoliklinika.com\/en\/#organization\"},\"potentialAction\":[{\"@type\":\"SearchAction\",\"target\":{\"@type\":\"EntryPoint\",\"urlTemplate\":\"https:\/\/www.medikompoliklinika.com\/en\/?s={search_term_string}\"},\"query-input\":{\"@type\":\"PropertyValueSpecification\",\"valueRequired\":true,\"valueName\":\"search_term_string\"}}],\"inLanguage\":\"en-US\"},{\"@type\":\"Organization\",\"@id\":\"https:\/\/www.medikompoliklinika.com\/en\/#organization\",\"name\":\"Poliklinika Medikom\",\"url\":\"https:\/\/www.medikompoliklinika.com\/en\/\",\"logo\":{\"@type\":\"ImageObject\",\"inLanguage\":\"en-US\",\"@id\":\"https:\/\/www.medikompoliklinika.com\/en\/#\/schema\/logo\/image\/\",\"url\":\"https:\/\/www.medikompoliklinika.com\/wp-content\/uploads\/2020\/09\/Poliklinika-Medikom-Logo2.png\",\"contentUrl\":\"https:\/\/www.medikompoliklinika.com\/wp-content\/uploads\/2020\/09\/Poliklinika-Medikom-Logo2.png\",\"width\":600,\"height\":111,\"caption\":\"Poliklinika Medikom\"},\"image\":{\"@id\":\"https:\/\/www.medikompoliklinika.com\/en\/#\/schema\/logo\/image\/\"},\"sameAs\":[\"https:\/\/www.facebook.com\/poliklinika.medikom\/\",\"https:\/\/x.com\/MEDIKOM_\",\"https:\/\/www.linkedin.com\/company\/poliklinika-medikom\/\"]}]}<\/script>\n<!-- \/ Yoast SEO plugin. -->","yoast_head_json":{"title":"Oftamologija - o\u010dni pregled za procenu vida i otkrivanje o\u010dnih bolesti","description":"Oftamologijom se ispituje vidna o\u0161trina, refrakcija oka, pregledaju se svi delovi oka, kapci, zenice, o\u010dno dno, pritisak u o\u010dima ...","robots":{"index":"index","follow":"follow","max-snippet":"max-snippet:-1","max-image-preview":"max-image-preview:large","max-video-preview":"max-video-preview:-1"},"canonical":"https:\/\/www.medikompoliklinika.com\/en\/services\/ophtalmology\/","og_locale":"en_US","og_type":"article","og_title":"Oftamologija - o\u010dni pregled za procenu vida i otkrivanje o\u010dnih bolesti","og_description":"Oftamologijom se ispituje vidna o\u0161trina, refrakcija oka, pregledaju se svi delovi oka, kapci, zenice, o\u010dno dno, pritisak u o\u010dima ...","og_url":"https:\/\/www.medikompoliklinika.com\/en\/services\/ophtalmology\/","og_site_name":"Poliklinika Medikom Beograd","article_publisher":"https:\/\/www.facebook.com\/poliklinika.medikom\/","article_modified_time":"2020-11-09T07:29:36+00:00","og_image":[{"width":1200,"height":900,"url":"https:\/\/www.medikompoliklinika.com\/wp-content\/uploads\/2020\/10\/ofto.jpg","type":"image\/jpeg"}],"twitter_card":"summary_large_image","twitter_site":"@MEDIKOM_","twitter_misc":{"Est. reading time":"1 minute"},"schema":{"@context":"https:\/\/schema.org","@graph":[{"@type":"WebPage","@id":"https:\/\/www.medikompoliklinika.com\/en\/services\/ophtalmology\/","url":"https:\/\/www.medikompoliklinika.com\/en\/services\/ophtalmology\/","name":"Oftamologija - o\u010dni pregled za procenu vida i otkrivanje o\u010dnih bolesti","isPartOf":{"@id":"https:\/\/www.medikompoliklinika.com\/en\/#website"},"primaryImageOfPage":{"@id":"https:\/\/www.medikompoliklinika.com\/en\/services\/ophtalmology\/#primaryimage"},"image":{"@id":"https:\/\/www.medikompoliklinika.com\/en\/services\/ophtalmology\/#primaryimage"},"thumbnailUrl":"https:\/\/www.medikompoliklinika.com\/wp-content\/uploads\/2020\/10\/ofto.jpg","datePublished":"2011-03-02T10:35:05+00:00","dateModified":"2020-11-09T07:29:36+00:00","description":"Oftamologijom se ispituje vidna o\u0161trina, refrakcija oka, pregledaju se svi delovi oka, kapci, zenice, o\u010dno dno, pritisak u o\u010dima ...","breadcrumb":{"@id":"https:\/\/www.medikompoliklinika.com\/en\/services\/ophtalmology\/#breadcrumb"},"inLanguage":"en-US","potentialAction":[{"@type":"ReadAction","target":["https:\/\/www.medikompoliklinika.com\/en\/services\/ophtalmology\/"]}]},{"@type":"ImageObject","inLanguage":"en-US","@id":"https:\/\/www.medikompoliklinika.com\/en\/services\/ophtalmology\/#primaryimage","url":"https:\/\/www.medikompoliklinika.com\/wp-content\/uploads\/2020\/10\/ofto.jpg","contentUrl":"https:\/\/www.medikompoliklinika.com\/wp-content\/uploads\/2020\/10\/ofto.jpg","width":1200,"height":900},{"@type":"BreadcrumbList","@id":"https:\/\/www.medikompoliklinika.com\/en\/services\/ophtalmology\/#breadcrumb","itemListElement":[{"@type":"ListItem","position":1,"name":"Home","item":"https:\/\/www.medikompoliklinika.com\/en\/"},{"@type":"ListItem","position":2,"name":"Services","item":"https:\/\/www.medikompoliklinika.com\/en\/services\/"},{"@type":"ListItem","position":3,"name":"Ophtalmology"}]},{"@type":"WebSite","@id":"https:\/\/www.medikompoliklinika.com\/en\/#website","url":"https:\/\/www.medikompoliklinika.com\/en\/","name":"Poliklinika Medikom Beograd","description":"Privatna poliklinika u Beogradu. Specijalisti\u010dki pregledi","publisher":{"@id":"https:\/\/www.medikompoliklinika.com\/en\/#organization"},"potentialAction":[{"@type":"SearchAction","target":{"@type":"EntryPoint","urlTemplate":"https:\/\/www.medikompoliklinika.com\/en\/?s={search_term_string}"},"query-input":{"@type":"PropertyValueSpecification","valueRequired":true,"valueName":"search_term_string"}}],"inLanguage":"en-US"},{"@type":"Organization","@id":"https:\/\/www.medikompoliklinika.com\/en\/#organization","name":"Poliklinika Medikom","url":"https:\/\/www.medikompoliklinika.com\/en\/","logo":{"@type":"ImageObject","inLanguage":"en-US","@id":"https:\/\/www.medikompoliklinika.com\/en\/#\/schema\/logo\/image\/","url":"https:\/\/www.medikompoliklinika.com\/wp-content\/uploads\/2020\/09\/Poliklinika-Medikom-Logo2.png","contentUrl":"https:\/\/www.medikompoliklinika.com\/wp-content\/uploads\/2020\/09\/Poliklinika-Medikom-Logo2.png","width":600,"height":111,"caption":"Poliklinika Medikom"},"image":{"@id":"https:\/\/www.medikompoliklinika.com\/en\/#\/schema\/logo\/image\/"},"sameAs":["https:\/\/www.facebook.com\/poliklinika.medikom\/","https:\/\/x.com\/MEDIKOM_","https:\/\/www.linkedin.com\/company\/poliklinika-medikom\/"]}]}},"_links":{"self":[{"href":"https:\/\/www.medikompoliklinika.com\/en\/wp-json\/wp\/v2\/pages\/2785","targetHints":{"allow":["GET"]}}],"collection":[{"href":"https:\/\/www.medikompoliklinika.com\/en\/wp-json\/wp\/v2\/pages"}],"about":[{"href":"https:\/\/www.medikompoliklinika.com\/en\/wp-json\/wp\/v2\/types\/page"}],"author":[{"embeddable":true,"href":"https:\/\/www.medikompoliklinika.com\/en\/wp-json\/wp\/v2\/users\/1"}],"replies":[{"embeddable":true,"href":"https:\/\/www.medikompoliklinika.com\/en\/wp-json\/wp\/v2\/comments?post=2785"}],"version-history":[{"count":0,"href":"https:\/\/www.medikompoliklinika.com\/en\/wp-json\/wp\/v2\/pages\/2785\/revisions"}],"up":[{"embeddable":true,"href":"https:\/\/www.medikompoliklinika.com\/en\/wp-json\/wp\/v2\/pages\/2922"}],"wp:featuredmedia":[{"embeddable":true,"href":"https:\/\/www.medikompoliklinika.com\/en\/wp-json\/wp\/v2\/media\/2786"}],"wp:attachment":[{"href":"https:\/\/www.medikompoliklinika.com\/en\/wp-json\/wp\/v2\/media?parent=2785"}],"curies":[{"name":"wp","href":"https:\/\/api.w.org\/{rel}","templated":true}]}}