{"id":2789,"date":"2011-03-02T11:34:11","date_gmt":"2011-03-02T10:34:11","guid":{"rendered":"https:\/\/www.medikompoliklinika.com\/dermatovenerologija\/"},"modified":"2020-11-09T16:53:12","modified_gmt":"2020-11-09T15:53:12","slug":"dermatovenerology","status":"publish","type":"page","link":"https:\/\/www.medikompoliklinika.com\/en\/services\/dermatovenerology\/","title":{"rendered":"Dermatovenerology"},"content":{"rendered":"<div class=\"wpb-content-wrapper\"><p>[vc_row][vc_column][vc_single_image image=&#8221;2790&#8243; img_size=&#8221;full&#8221; alignment=&#8221;center&#8221; style=&#8221;vc_box_shadow_border&#8221;][vc_column_text]<\/p>\n<h2>Dermatovenerology<\/h2>\n<p style=\"text-align: justify;\">Dermatovenerology is a branch of medicine in which a physician specialist in skin and sexually-transmitted diseases (STDs) \u2013 dermatovenerologist examines and treats the alterations of skin visible mucous membranes, hairs and nails in children and adults. We lay a special emphasis on the medical care and therapy of skin bacterial, viral and fungous infections. For a timely malign melanoma detection you can have your Dermoscopy with state-of- the-art equipment and you can have a Condyloma removal by LASER or thermocauter both if you are a man or a woman. Our expert team carries out skin biopsies and skin alterations removal, either for aesthetic or for medical reasons<\/p>\n<p>\u00a0[\/vc_column_text][\/vc_column][\/vc_row]<\/p>\n<\/div>","protected":false},"excerpt":{"rendered":"<p>[vc_row][vc_column][vc_single_image image=&#8221;2790&#8243; img_size=&#8221;full&#8221; alignment=&#8221;center&#8221; style=&#8221;vc_box_shadow_border&#8221;][vc_column_text] Dermatovenerology Dermatovenerology is a branch of &#8230; <\/p>\n","protected":false},"author":1,"featured_media":2790,"parent":2922,"menu_order":38,"comment_status":"closed","ping_status":"closed","template":"","meta":{"footnotes":""},"class_list":["post-2789","page","type-page","status-publish","has-post-thumbnail","hentry"],"yoast_head":"<!-- This site is optimized with the Yoast SEO plugin v26.7 - https:\/\/yoast.com\/wordpress\/plugins\/seo\/ -->\n<title>Dermatovenerologija-le\u010denje promena na ko\u017ei, dlaci, noktima...<\/title>\n<meta name=\"description\" content=\"Veliku pa\u017enju obra\u0107amo na medicinsku negu ko\u017ee, kao i na terapiju bakterijskih, virusnih ili gljivi\u010dnih infekcija ko\u017ee.\" \/>\n<meta name=\"robots\" content=\"index, follow, max-snippet:-1, max-image-preview:large, max-video-preview:-1\" \/>\n<link rel=\"canonical\" href=\"https:\/\/www.medikompoliklinika.com\/en\/services\/dermatovenerology\/\" \/>\n<meta property=\"og:locale\" content=\"en_US\" \/>\n<meta property=\"og:type\" content=\"article\" \/>\n<meta property=\"og:title\" content=\"Dermatovenerologija-le\u010denje promena na ko\u017ei, dlaci, noktima...\" \/>\n<meta property=\"og:description\" content=\"Veliku pa\u017enju obra\u0107amo na medicinsku negu ko\u017ee, kao i na terapiju bakterijskih, virusnih ili gljivi\u010dnih infekcija ko\u017ee.\" \/>\n<meta property=\"og:url\" content=\"https:\/\/www.medikompoliklinika.com\/en\/services\/dermatovenerology\/\" \/>\n<meta property=\"og:site_name\" content=\"Poliklinika Medikom Beograd\" \/>\n<meta property=\"article:publisher\" content=\"https:\/\/www.facebook.com\/poliklinika.medikom\/\" \/>\n<meta property=\"article:modified_time\" content=\"2020-11-09T15:53:12+00:00\" \/>\n<meta property=\"og:image\" content=\"https:\/\/www.medikompoliklinika.com\/wp-content\/uploads\/2020\/10\/derma.jpg\" \/>\n\t<meta property=\"og:image:width\" content=\"1200\" \/>\n\t<meta property=\"og:image:height\" content=\"800\" \/>\n\t<meta property=\"og:image:type\" content=\"image\/jpeg\" \/>\n<meta name=\"twitter:card\" content=\"summary_large_image\" \/>\n<meta name=\"twitter:site\" content=\"@MEDIKOM_\" \/>\n<meta name=\"twitter:label1\" content=\"Est. reading time\" \/>\n\t<meta name=\"twitter:data1\" content=\"1 minute\" \/>\n<script type=\"application\/ld+json\" class=\"yoast-schema-graph\">{\"@context\":\"https:\/\/schema.org\",\"@graph\":[{\"@type\":\"WebPage\",\"@id\":\"https:\/\/www.medikompoliklinika.com\/en\/services\/dermatovenerology\/\",\"url\":\"https:\/\/www.medikompoliklinika.com\/en\/services\/dermatovenerology\/\",\"name\":\"Dermatovenerologija-le\u010denje promena na ko\u017ei, dlaci, noktima...\",\"isPartOf\":{\"@id\":\"https:\/\/www.medikompoliklinika.com\/en\/#website\"},\"primaryImageOfPage\":{\"@id\":\"https:\/\/www.medikompoliklinika.com\/en\/services\/dermatovenerology\/#primaryimage\"},\"image\":{\"@id\":\"https:\/\/www.medikompoliklinika.com\/en\/services\/dermatovenerology\/#primaryimage\"},\"thumbnailUrl\":\"https:\/\/www.medikompoliklinika.com\/wp-content\/uploads\/2020\/10\/derma.jpg\",\"datePublished\":\"2011-03-02T10:34:11+00:00\",\"dateModified\":\"2020-11-09T15:53:12+00:00\",\"description\":\"Veliku pa\u017enju obra\u0107amo na medicinsku negu ko\u017ee, kao i na terapiju bakterijskih, virusnih ili gljivi\u010dnih infekcija ko\u017ee.\",\"breadcrumb\":{\"@id\":\"https:\/\/www.medikompoliklinika.com\/en\/services\/dermatovenerology\/#breadcrumb\"},\"inLanguage\":\"en-US\",\"potentialAction\":[{\"@type\":\"ReadAction\",\"target\":[\"https:\/\/www.medikompoliklinika.com\/en\/services\/dermatovenerology\/\"]}]},{\"@type\":\"ImageObject\",\"inLanguage\":\"en-US\",\"@id\":\"https:\/\/www.medikompoliklinika.com\/en\/services\/dermatovenerology\/#primaryimage\",\"url\":\"https:\/\/www.medikompoliklinika.com\/wp-content\/uploads\/2020\/10\/derma.jpg\",\"contentUrl\":\"https:\/\/www.medikompoliklinika.com\/wp-content\/uploads\/2020\/10\/derma.jpg\",\"width\":1200,\"height\":800},{\"@type\":\"BreadcrumbList\",\"@id\":\"https:\/\/www.medikompoliklinika.com\/en\/services\/dermatovenerology\/#breadcrumb\",\"itemListElement\":[{\"@type\":\"ListItem\",\"position\":1,\"name\":\"Home\",\"item\":\"https:\/\/www.medikompoliklinika.com\/en\/\"},{\"@type\":\"ListItem\",\"position\":2,\"name\":\"Services\",\"item\":\"https:\/\/www.medikompoliklinika.com\/en\/services\/\"},{\"@type\":\"ListItem\",\"position\":3,\"name\":\"Dermatovenerology\"}]},{\"@type\":\"WebSite\",\"@id\":\"https:\/\/www.medikompoliklinika.com\/en\/#website\",\"url\":\"https:\/\/www.medikompoliklinika.com\/en\/\",\"name\":\"Poliklinika Medikom Beograd\",\"description\":\"Privatna poliklinika u Beogradu. Specijalisti\u010dki pregledi\",\"publisher\":{\"@id\":\"https:\/\/www.medikompoliklinika.com\/en\/#organization\"},\"potentialAction\":[{\"@type\":\"SearchAction\",\"target\":{\"@type\":\"EntryPoint\",\"urlTemplate\":\"https:\/\/www.medikompoliklinika.com\/en\/?s={search_term_string}\"},\"query-input\":{\"@type\":\"PropertyValueSpecification\",\"valueRequired\":true,\"valueName\":\"search_term_string\"}}],\"inLanguage\":\"en-US\"},{\"@type\":\"Organization\",\"@id\":\"https:\/\/www.medikompoliklinika.com\/en\/#organization\",\"name\":\"Poliklinika Medikom\",\"url\":\"https:\/\/www.medikompoliklinika.com\/en\/\",\"logo\":{\"@type\":\"ImageObject\",\"inLanguage\":\"en-US\",\"@id\":\"https:\/\/www.medikompoliklinika.com\/en\/#\/schema\/logo\/image\/\",\"url\":\"https:\/\/www.medikompoliklinika.com\/wp-content\/uploads\/2020\/09\/Poliklinika-Medikom-Logo2.png\",\"contentUrl\":\"https:\/\/www.medikompoliklinika.com\/wp-content\/uploads\/2020\/09\/Poliklinika-Medikom-Logo2.png\",\"width\":600,\"height\":111,\"caption\":\"Poliklinika Medikom\"},\"image\":{\"@id\":\"https:\/\/www.medikompoliklinika.com\/en\/#\/schema\/logo\/image\/\"},\"sameAs\":[\"https:\/\/www.facebook.com\/poliklinika.medikom\/\",\"https:\/\/x.com\/MEDIKOM_\",\"https:\/\/www.linkedin.com\/company\/poliklinika-medikom\/\"]}]}<\/script>\n<!-- \/ Yoast SEO plugin. -->","yoast_head_json":{"title":"Dermatovenerologija-le\u010denje promena na ko\u017ei, dlaci, noktima...","description":"Veliku pa\u017enju obra\u0107amo na medicinsku negu ko\u017ee, kao i na terapiju bakterijskih, virusnih ili gljivi\u010dnih infekcija ko\u017ee.","robots":{"index":"index","follow":"follow","max-snippet":"max-snippet:-1","max-image-preview":"max-image-preview:large","max-video-preview":"max-video-preview:-1"},"canonical":"https:\/\/www.medikompoliklinika.com\/en\/services\/dermatovenerology\/","og_locale":"en_US","og_type":"article","og_title":"Dermatovenerologija-le\u010denje promena na ko\u017ei, dlaci, noktima...","og_description":"Veliku pa\u017enju obra\u0107amo na medicinsku negu ko\u017ee, kao i na terapiju bakterijskih, virusnih ili gljivi\u010dnih infekcija ko\u017ee.","og_url":"https:\/\/www.medikompoliklinika.com\/en\/services\/dermatovenerology\/","og_site_name":"Poliklinika Medikom Beograd","article_publisher":"https:\/\/www.facebook.com\/poliklinika.medikom\/","article_modified_time":"2020-11-09T15:53:12+00:00","og_image":[{"width":1200,"height":800,"url":"https:\/\/www.medikompoliklinika.com\/wp-content\/uploads\/2020\/10\/derma.jpg","type":"image\/jpeg"}],"twitter_card":"summary_large_image","twitter_site":"@MEDIKOM_","twitter_misc":{"Est. reading time":"1 minute"},"schema":{"@context":"https:\/\/schema.org","@graph":[{"@type":"WebPage","@id":"https:\/\/www.medikompoliklinika.com\/en\/services\/dermatovenerology\/","url":"https:\/\/www.medikompoliklinika.com\/en\/services\/dermatovenerology\/","name":"Dermatovenerologija-le\u010denje promena na ko\u017ei, dlaci, noktima...","isPartOf":{"@id":"https:\/\/www.medikompoliklinika.com\/en\/#website"},"primaryImageOfPage":{"@id":"https:\/\/www.medikompoliklinika.com\/en\/services\/dermatovenerology\/#primaryimage"},"image":{"@id":"https:\/\/www.medikompoliklinika.com\/en\/services\/dermatovenerology\/#primaryimage"},"thumbnailUrl":"https:\/\/www.medikompoliklinika.com\/wp-content\/uploads\/2020\/10\/derma.jpg","datePublished":"2011-03-02T10:34:11+00:00","dateModified":"2020-11-09T15:53:12+00:00","description":"Veliku pa\u017enju obra\u0107amo na medicinsku negu ko\u017ee, kao i na terapiju bakterijskih, virusnih ili gljivi\u010dnih infekcija ko\u017ee.","breadcrumb":{"@id":"https:\/\/www.medikompoliklinika.com\/en\/services\/dermatovenerology\/#breadcrumb"},"inLanguage":"en-US","potentialAction":[{"@type":"ReadAction","target":["https:\/\/www.medikompoliklinika.com\/en\/services\/dermatovenerology\/"]}]},{"@type":"ImageObject","inLanguage":"en-US","@id":"https:\/\/www.medikompoliklinika.com\/en\/services\/dermatovenerology\/#primaryimage","url":"https:\/\/www.medikompoliklinika.com\/wp-content\/uploads\/2020\/10\/derma.jpg","contentUrl":"https:\/\/www.medikompoliklinika.com\/wp-content\/uploads\/2020\/10\/derma.jpg","width":1200,"height":800},{"@type":"BreadcrumbList","@id":"https:\/\/www.medikompoliklinika.com\/en\/services\/dermatovenerology\/#breadcrumb","itemListElement":[{"@type":"ListItem","position":1,"name":"Home","item":"https:\/\/www.medikompoliklinika.com\/en\/"},{"@type":"ListItem","position":2,"name":"Services","item":"https:\/\/www.medikompoliklinika.com\/en\/services\/"},{"@type":"ListItem","position":3,"name":"Dermatovenerology"}]},{"@type":"WebSite","@id":"https:\/\/www.medikompoliklinika.com\/en\/#website","url":"https:\/\/www.medikompoliklinika.com\/en\/","name":"Poliklinika Medikom Beograd","description":"Privatna poliklinika u Beogradu. Specijalisti\u010dki pregledi","publisher":{"@id":"https:\/\/www.medikompoliklinika.com\/en\/#organization"},"potentialAction":[{"@type":"SearchAction","target":{"@type":"EntryPoint","urlTemplate":"https:\/\/www.medikompoliklinika.com\/en\/?s={search_term_string}"},"query-input":{"@type":"PropertyValueSpecification","valueRequired":true,"valueName":"search_term_string"}}],"inLanguage":"en-US"},{"@type":"Organization","@id":"https:\/\/www.medikompoliklinika.com\/en\/#organization","name":"Poliklinika Medikom","url":"https:\/\/www.medikompoliklinika.com\/en\/","logo":{"@type":"ImageObject","inLanguage":"en-US","@id":"https:\/\/www.medikompoliklinika.com\/en\/#\/schema\/logo\/image\/","url":"https:\/\/www.medikompoliklinika.com\/wp-content\/uploads\/2020\/09\/Poliklinika-Medikom-Logo2.png","contentUrl":"https:\/\/www.medikompoliklinika.com\/wp-content\/uploads\/2020\/09\/Poliklinika-Medikom-Logo2.png","width":600,"height":111,"caption":"Poliklinika Medikom"},"image":{"@id":"https:\/\/www.medikompoliklinika.com\/en\/#\/schema\/logo\/image\/"},"sameAs":["https:\/\/www.facebook.com\/poliklinika.medikom\/","https:\/\/x.com\/MEDIKOM_","https:\/\/www.linkedin.com\/company\/poliklinika-medikom\/"]}]}},"_links":{"self":[{"href":"https:\/\/www.medikompoliklinika.com\/en\/wp-json\/wp\/v2\/pages\/2789","targetHints":{"allow":["GET"]}}],"collection":[{"href":"https:\/\/www.medikompoliklinika.com\/en\/wp-json\/wp\/v2\/pages"}],"about":[{"href":"https:\/\/www.medikompoliklinika.com\/en\/wp-json\/wp\/v2\/types\/page"}],"author":[{"embeddable":true,"href":"https:\/\/www.medikompoliklinika.com\/en\/wp-json\/wp\/v2\/users\/1"}],"replies":[{"embeddable":true,"href":"https:\/\/www.medikompoliklinika.com\/en\/wp-json\/wp\/v2\/comments?post=2789"}],"version-history":[{"count":0,"href":"https:\/\/www.medikompoliklinika.com\/en\/wp-json\/wp\/v2\/pages\/2789\/revisions"}],"up":[{"embeddable":true,"href":"https:\/\/www.medikompoliklinika.com\/en\/wp-json\/wp\/v2\/pages\/2922"}],"wp:featuredmedia":[{"embeddable":true,"href":"https:\/\/www.medikompoliklinika.com\/en\/wp-json\/wp\/v2\/media\/2790"}],"wp:attachment":[{"href":"https:\/\/www.medikompoliklinika.com\/en\/wp-json\/wp\/v2\/media?parent=2789"}],"curies":[{"name":"wp","href":"https:\/\/api.w.org\/{rel}","templated":true}]}}