{"id":2805,"date":"2011-03-02T11:12:32","date_gmt":"2011-03-02T10:12:32","guid":{"rendered":"https:\/\/www.medikompoliklinika.com\/ginekologija\/"},"modified":"2020-11-08T08:38:50","modified_gmt":"2020-11-08T07:38:50","slug":"ginecology","status":"publish","type":"page","link":"https:\/\/www.medikompoliklinika.com\/en\/services\/ginecology\/","title":{"rendered":"Ginecology"},"content":{"rendered":"<div class=\"wpb-content-wrapper\"><p>[vc_row][vc_column][vc_column_text]<\/p>\n<h3>A BREAKTHROUGH TREATMENT!<br \/>\nVAGINA AND VULVA REJUVENATION<\/h3>\n<p>Hialluronic acid is the skin inherent part and it is for its water-holding property that it plays key role in keeping the skin moist, soft and well-toned.<br \/>\nDesirial is specially meant for application in the genital region in two forms, such as:<\/p>\n<ul>\n<li>Desirial \u2013 vagina dryness relief method in menopaused women or women still in reproductive period and for increase of G-point contact surface, for an easier and more intensive orgasm.<\/li>\n<li>Desirial plus against outer lips (labia majora) hypotrophy, restoring their freshness and firmness.<\/li>\n<\/ul>\n<p>The injection is carried out in the outpatient clinic; it is painless and with no complications.<br \/>\nThe intervention is made by Ms. Tatjana Pavlovi\u0107, MD, gynecologist-obstetrician, a certified Desirial products instructor and educator.[\/vc_column_text][\/vc_column][\/vc_row][vc_row][vc_column][vc_video link=&#8221;https:\/\/www.youtube.com\/watch?v=KaEaJ8Vf9fs&#8221; align=&#8221;center&#8221;][\/vc_column][\/vc_row][vc_row][vc_column][vc_single_image image=&#8221;2815&#8243; img_size=&#8221;full&#8221; alignment=&#8221;center&#8221; style=&#8221;vc_box_shadow_border&#8221; onclick=&#8221;custom_link&#8221; img_link_target=&#8221;_blank&#8221; link=&#8221;https:\/\/www.rts.rs\/upload\/storyBoxFileData\/2016\/02\/27\/26784814\/USP_29-02.mp3&#8243;][\/vc_column][\/vc_row][vc_row][vc_column][vc_column_text]Pregnancy, as a new, wonderful and unique condition in a woman\u2019s life takes a watchful eye by each and every gynecologist-obstetrician.<br \/>\nIn our \u201cMEDIKOM\u201d outpatient center a pregnant woman is approached with special care. We provide her all the standard pregnancy monitoring methods from gynecologists examination through colposcopy to ultrasound examinations. Apart from the prenatal screening in the first three months of pregnancy, each pregnant woman is advised to do an additional expert ultrasound examination in the second trimester of pregnancy. We have the necessary state-of- the-art support, so that the analyses are mostly ready within a day, and thepatients are informed about the results in person or via e-mail.<\/p>\n<p>A new life in miniature is not only a parental joy and pride; it is OUR joy and pride as well!<\/p>\n<p>Expert ultrasound implies a thorough, fetus-morphology ultrasound examination. It serves us to detect anomalies if any. As it is much more precise than an ordinary obstetrician ultrasound, it takes both a good and sophisticated ultrasound equipment and special expertise by physician. If these prerequisites are met, the examination enables us to detect even 50 per cent more anomalies than with the application of an ordinary ultrasound examination. That is why each and every pregnant woman is advised to do it, especially between the twentieth and the twenty-fourth week of gestation. Note that you do not need a 4-D equipment for the examination and that a 4-D- equipment examination does not necessarily mean that it is an expert ultrasound examination.<\/p>\n<h3>LASER CONDYLOMA REMOVAL<\/h3>\n<p>The Laser Condyloma Removal is one of the Condyloma removal methods and is considered one of the most efficient. You have at your disposal local anesthesia during the intervention. For most of the patients the Laser Condyloma Removal is a safe procedure \u2013 even for pregnant women. The recovery time is dependent on the localization and the number of the Condyloma removed.<\/p>\n<h3>ELECTROCAUTERIZATION<\/h3>\n<p>Electrocauterization is another, Condyloma removal efficient method. Electrocaureization is Condyloma removal by high-frequency current. If need be, the patient has local anesthesia at her disposal. The recovery depends on the localization and number of the Condyloma removed. It is the gynecologist in agreement with the patient who has the final say when deciding the Condyloma removal method to apply.<\/p>\n<h3>GYNECOLOGIST\u2019S EXAMINATIONS<\/h3>\n<p>Our gynecologists team follows and monitors the reproductive health in women of all ages.<br \/>\nYou can have an annual comprehensive examination (gynecologist examination bimanual examination, speculum examination, gynecologic ultrasound, examination with vaginal or abdominal probe, colposcopy, PAP\u2019s tests, vaginal smear, altogether as a package or any of the examinations separately. If need be, you can have the vaginal or cervical smear, Chlamydia trachomatis, Mycoplasma hominis and Ureaplasma (Ureaplasma urealitycum).[\/vc_column_text][\/vc_column][\/vc_row]<\/p>\n<\/div>","protected":false},"excerpt":{"rendered":"<p>[vc_row][vc_column][vc_column_text] A BREAKTHROUGH TREATMENT! VAGINA AND VULVA REJUVENATION Hialluronic acid is &#8230; <\/p>\n","protected":false},"author":1,"featured_media":3719,"parent":2922,"menu_order":42,"comment_status":"closed","ping_status":"closed","template":"","meta":{"footnotes":""},"class_list":["post-2805","page","type-page","status-publish","has-post-thumbnail","hentry"],"yoast_head":"<!-- This site is optimized with the Yoast SEO plugin v26.7 - https:\/\/yoast.com\/wordpress\/plugins\/seo\/ -->\n<title>Ginekologija-dijagnostika i le\u010denje bolesti \u017eenskog reproduktivnog sistema<\/title>\n<meta name=\"description\" content=\"Trudno\u0107a, PAPANIKOLAU test, KOLPOSKOPIJA, LASERSKO UKLANJANJE KONDILOMA, REVOLUCIONARNI TRETMAN-PODMLA\u0110IVANJE VAGINE I VULVE\" \/>\n<meta name=\"robots\" content=\"index, follow, max-snippet:-1, max-image-preview:large, max-video-preview:-1\" \/>\n<link rel=\"canonical\" href=\"https:\/\/www.medikompoliklinika.com\/en\/services\/ginecology\/\" \/>\n<meta property=\"og:locale\" content=\"en_US\" \/>\n<meta property=\"og:type\" content=\"article\" \/>\n<meta property=\"og:title\" content=\"Ginekologija-dijagnostika i le\u010denje bolesti \u017eenskog reproduktivnog sistema\" \/>\n<meta property=\"og:description\" content=\"Trudno\u0107a, PAPANIKOLAU test, KOLPOSKOPIJA, LASERSKO UKLANJANJE KONDILOMA, REVOLUCIONARNI TRETMAN-PODMLA\u0110IVANJE VAGINE I VULVE\" \/>\n<meta property=\"og:url\" content=\"https:\/\/www.medikompoliklinika.com\/en\/services\/ginecology\/\" \/>\n<meta property=\"og:site_name\" content=\"Poliklinika Medikom Beograd\" \/>\n<meta property=\"article:publisher\" content=\"https:\/\/www.facebook.com\/poliklinika.medikom\/\" \/>\n<meta property=\"article:modified_time\" content=\"2020-11-08T07:38:50+00:00\" \/>\n<meta property=\"og:image\" content=\"https:\/\/www.medikompoliklinika.com\/wp-content\/uploads\/2011\/03\/dr_tanja_radio1.jpg\" \/>\n\t<meta property=\"og:image:width\" content=\"812\" \/>\n\t<meta property=\"og:image:height\" content=\"913\" \/>\n\t<meta property=\"og:image:type\" content=\"image\/jpeg\" \/>\n<meta name=\"twitter:card\" content=\"summary_large_image\" \/>\n<meta name=\"twitter:site\" content=\"@MEDIKOM_\" \/>\n<meta name=\"twitter:label1\" content=\"Est. reading time\" \/>\n\t<meta name=\"twitter:data1\" content=\"3 minutes\" \/>\n<script type=\"application\/ld+json\" class=\"yoast-schema-graph\">{\"@context\":\"https:\/\/schema.org\",\"@graph\":[{\"@type\":\"WebPage\",\"@id\":\"https:\/\/www.medikompoliklinika.com\/en\/services\/ginecology\/\",\"url\":\"https:\/\/www.medikompoliklinika.com\/en\/services\/ginecology\/\",\"name\":\"Ginekologija-dijagnostika i le\u010denje bolesti \u017eenskog reproduktivnog sistema\",\"isPartOf\":{\"@id\":\"https:\/\/www.medikompoliklinika.com\/en\/#website\"},\"primaryImageOfPage\":{\"@id\":\"https:\/\/www.medikompoliklinika.com\/en\/services\/ginecology\/#primaryimage\"},\"image\":{\"@id\":\"https:\/\/www.medikompoliklinika.com\/en\/services\/ginecology\/#primaryimage\"},\"thumbnailUrl\":\"https:\/\/www.medikompoliklinika.com\/wp-content\/uploads\/2022\/10\/03-Ginekologija.jpg\",\"datePublished\":\"2011-03-02T10:12:32+00:00\",\"dateModified\":\"2020-11-08T07:38:50+00:00\",\"description\":\"Trudno\u0107a, PAPANIKOLAU test, KOLPOSKOPIJA, LASERSKO UKLANJANJE KONDILOMA, REVOLUCIONARNI TRETMAN-PODMLA\u0110IVANJE VAGINE I VULVE\",\"breadcrumb\":{\"@id\":\"https:\/\/www.medikompoliklinika.com\/en\/services\/ginecology\/#breadcrumb\"},\"inLanguage\":\"en-US\",\"potentialAction\":[{\"@type\":\"ReadAction\",\"target\":[\"https:\/\/www.medikompoliklinika.com\/en\/services\/ginecology\/\"]}]},{\"@type\":\"ImageObject\",\"inLanguage\":\"en-US\",\"@id\":\"https:\/\/www.medikompoliklinika.com\/en\/services\/ginecology\/#primaryimage\",\"url\":\"https:\/\/www.medikompoliklinika.com\/wp-content\/uploads\/2022\/10\/03-Ginekologija.jpg\",\"contentUrl\":\"https:\/\/www.medikompoliklinika.com\/wp-content\/uploads\/2022\/10\/03-Ginekologija.jpg\",\"width\":799,\"height\":599},{\"@type\":\"BreadcrumbList\",\"@id\":\"https:\/\/www.medikompoliklinika.com\/en\/services\/ginecology\/#breadcrumb\",\"itemListElement\":[{\"@type\":\"ListItem\",\"position\":1,\"name\":\"Home\",\"item\":\"https:\/\/www.medikompoliklinika.com\/en\/\"},{\"@type\":\"ListItem\",\"position\":2,\"name\":\"Services\",\"item\":\"https:\/\/www.medikompoliklinika.com\/en\/services\/\"},{\"@type\":\"ListItem\",\"position\":3,\"name\":\"Ginecology\"}]},{\"@type\":\"WebSite\",\"@id\":\"https:\/\/www.medikompoliklinika.com\/en\/#website\",\"url\":\"https:\/\/www.medikompoliklinika.com\/en\/\",\"name\":\"Poliklinika Medikom Beograd\",\"description\":\"Privatna poliklinika u Beogradu. Specijalisti\u010dki pregledi\",\"publisher\":{\"@id\":\"https:\/\/www.medikompoliklinika.com\/en\/#organization\"},\"potentialAction\":[{\"@type\":\"SearchAction\",\"target\":{\"@type\":\"EntryPoint\",\"urlTemplate\":\"https:\/\/www.medikompoliklinika.com\/en\/?s={search_term_string}\"},\"query-input\":{\"@type\":\"PropertyValueSpecification\",\"valueRequired\":true,\"valueName\":\"search_term_string\"}}],\"inLanguage\":\"en-US\"},{\"@type\":\"Organization\",\"@id\":\"https:\/\/www.medikompoliklinika.com\/en\/#organization\",\"name\":\"Poliklinika Medikom\",\"url\":\"https:\/\/www.medikompoliklinika.com\/en\/\",\"logo\":{\"@type\":\"ImageObject\",\"inLanguage\":\"en-US\",\"@id\":\"https:\/\/www.medikompoliklinika.com\/en\/#\/schema\/logo\/image\/\",\"url\":\"https:\/\/www.medikompoliklinika.com\/wp-content\/uploads\/2020\/09\/Poliklinika-Medikom-Logo2.png\",\"contentUrl\":\"https:\/\/www.medikompoliklinika.com\/wp-content\/uploads\/2020\/09\/Poliklinika-Medikom-Logo2.png\",\"width\":600,\"height\":111,\"caption\":\"Poliklinika Medikom\"},\"image\":{\"@id\":\"https:\/\/www.medikompoliklinika.com\/en\/#\/schema\/logo\/image\/\"},\"sameAs\":[\"https:\/\/www.facebook.com\/poliklinika.medikom\/\",\"https:\/\/x.com\/MEDIKOM_\",\"https:\/\/www.linkedin.com\/company\/poliklinika-medikom\/\"]}]}<\/script>\n<!-- \/ Yoast SEO plugin. -->","yoast_head_json":{"title":"Ginekologija-dijagnostika i le\u010denje bolesti \u017eenskog reproduktivnog sistema","description":"Trudno\u0107a, PAPANIKOLAU test, KOLPOSKOPIJA, LASERSKO UKLANJANJE KONDILOMA, REVOLUCIONARNI TRETMAN-PODMLA\u0110IVANJE VAGINE I VULVE","robots":{"index":"index","follow":"follow","max-snippet":"max-snippet:-1","max-image-preview":"max-image-preview:large","max-video-preview":"max-video-preview:-1"},"canonical":"https:\/\/www.medikompoliklinika.com\/en\/services\/ginecology\/","og_locale":"en_US","og_type":"article","og_title":"Ginekologija-dijagnostika i le\u010denje bolesti \u017eenskog reproduktivnog sistema","og_description":"Trudno\u0107a, PAPANIKOLAU test, KOLPOSKOPIJA, LASERSKO UKLANJANJE KONDILOMA, REVOLUCIONARNI TRETMAN-PODMLA\u0110IVANJE VAGINE I VULVE","og_url":"https:\/\/www.medikompoliklinika.com\/en\/services\/ginecology\/","og_site_name":"Poliklinika Medikom Beograd","article_publisher":"https:\/\/www.facebook.com\/poliklinika.medikom\/","article_modified_time":"2020-11-08T07:38:50+00:00","og_image":[{"width":812,"height":913,"url":"https:\/\/www.medikompoliklinika.com\/wp-content\/uploads\/2011\/03\/dr_tanja_radio1.jpg","type":"image\/jpeg"}],"twitter_card":"summary_large_image","twitter_site":"@MEDIKOM_","twitter_misc":{"Est. reading time":"3 minutes"},"schema":{"@context":"https:\/\/schema.org","@graph":[{"@type":"WebPage","@id":"https:\/\/www.medikompoliklinika.com\/en\/services\/ginecology\/","url":"https:\/\/www.medikompoliklinika.com\/en\/services\/ginecology\/","name":"Ginekologija-dijagnostika i le\u010denje bolesti \u017eenskog reproduktivnog sistema","isPartOf":{"@id":"https:\/\/www.medikompoliklinika.com\/en\/#website"},"primaryImageOfPage":{"@id":"https:\/\/www.medikompoliklinika.com\/en\/services\/ginecology\/#primaryimage"},"image":{"@id":"https:\/\/www.medikompoliklinika.com\/en\/services\/ginecology\/#primaryimage"},"thumbnailUrl":"https:\/\/www.medikompoliklinika.com\/wp-content\/uploads\/2022\/10\/03-Ginekologija.jpg","datePublished":"2011-03-02T10:12:32+00:00","dateModified":"2020-11-08T07:38:50+00:00","description":"Trudno\u0107a, PAPANIKOLAU test, KOLPOSKOPIJA, LASERSKO UKLANJANJE KONDILOMA, REVOLUCIONARNI TRETMAN-PODMLA\u0110IVANJE VAGINE I VULVE","breadcrumb":{"@id":"https:\/\/www.medikompoliklinika.com\/en\/services\/ginecology\/#breadcrumb"},"inLanguage":"en-US","potentialAction":[{"@type":"ReadAction","target":["https:\/\/www.medikompoliklinika.com\/en\/services\/ginecology\/"]}]},{"@type":"ImageObject","inLanguage":"en-US","@id":"https:\/\/www.medikompoliklinika.com\/en\/services\/ginecology\/#primaryimage","url":"https:\/\/www.medikompoliklinika.com\/wp-content\/uploads\/2022\/10\/03-Ginekologija.jpg","contentUrl":"https:\/\/www.medikompoliklinika.com\/wp-content\/uploads\/2022\/10\/03-Ginekologija.jpg","width":799,"height":599},{"@type":"BreadcrumbList","@id":"https:\/\/www.medikompoliklinika.com\/en\/services\/ginecology\/#breadcrumb","itemListElement":[{"@type":"ListItem","position":1,"name":"Home","item":"https:\/\/www.medikompoliklinika.com\/en\/"},{"@type":"ListItem","position":2,"name":"Services","item":"https:\/\/www.medikompoliklinika.com\/en\/services\/"},{"@type":"ListItem","position":3,"name":"Ginecology"}]},{"@type":"WebSite","@id":"https:\/\/www.medikompoliklinika.com\/en\/#website","url":"https:\/\/www.medikompoliklinika.com\/en\/","name":"Poliklinika Medikom Beograd","description":"Privatna poliklinika u Beogradu. Specijalisti\u010dki pregledi","publisher":{"@id":"https:\/\/www.medikompoliklinika.com\/en\/#organization"},"potentialAction":[{"@type":"SearchAction","target":{"@type":"EntryPoint","urlTemplate":"https:\/\/www.medikompoliklinika.com\/en\/?s={search_term_string}"},"query-input":{"@type":"PropertyValueSpecification","valueRequired":true,"valueName":"search_term_string"}}],"inLanguage":"en-US"},{"@type":"Organization","@id":"https:\/\/www.medikompoliklinika.com\/en\/#organization","name":"Poliklinika Medikom","url":"https:\/\/www.medikompoliklinika.com\/en\/","logo":{"@type":"ImageObject","inLanguage":"en-US","@id":"https:\/\/www.medikompoliklinika.com\/en\/#\/schema\/logo\/image\/","url":"https:\/\/www.medikompoliklinika.com\/wp-content\/uploads\/2020\/09\/Poliklinika-Medikom-Logo2.png","contentUrl":"https:\/\/www.medikompoliklinika.com\/wp-content\/uploads\/2020\/09\/Poliklinika-Medikom-Logo2.png","width":600,"height":111,"caption":"Poliklinika Medikom"},"image":{"@id":"https:\/\/www.medikompoliklinika.com\/en\/#\/schema\/logo\/image\/"},"sameAs":["https:\/\/www.facebook.com\/poliklinika.medikom\/","https:\/\/x.com\/MEDIKOM_","https:\/\/www.linkedin.com\/company\/poliklinika-medikom\/"]}]}},"_links":{"self":[{"href":"https:\/\/www.medikompoliklinika.com\/en\/wp-json\/wp\/v2\/pages\/2805","targetHints":{"allow":["GET"]}}],"collection":[{"href":"https:\/\/www.medikompoliklinika.com\/en\/wp-json\/wp\/v2\/pages"}],"about":[{"href":"https:\/\/www.medikompoliklinika.com\/en\/wp-json\/wp\/v2\/types\/page"}],"author":[{"embeddable":true,"href":"https:\/\/www.medikompoliklinika.com\/en\/wp-json\/wp\/v2\/users\/1"}],"replies":[{"embeddable":true,"href":"https:\/\/www.medikompoliklinika.com\/en\/wp-json\/wp\/v2\/comments?post=2805"}],"version-history":[{"count":0,"href":"https:\/\/www.medikompoliklinika.com\/en\/wp-json\/wp\/v2\/pages\/2805\/revisions"}],"up":[{"embeddable":true,"href":"https:\/\/www.medikompoliklinika.com\/en\/wp-json\/wp\/v2\/pages\/2922"}],"wp:featuredmedia":[{"embeddable":true,"href":"https:\/\/www.medikompoliklinika.com\/en\/wp-json\/wp\/v2\/media\/3719"}],"wp:attachment":[{"href":"https:\/\/www.medikompoliklinika.com\/en\/wp-json\/wp\/v2\/media?parent=2805"}],"curies":[{"name":"wp","href":"https:\/\/api.w.org\/{rel}","templated":true}]}}