{"id":2810,"date":"2011-03-02T11:08:25","date_gmt":"2011-03-02T10:08:25","guid":{"rendered":"https:\/\/www.medikompoliklinika.com\/o-nama\/"},"modified":"2020-11-03T09:08:48","modified_gmt":"2020-11-03T08:08:48","slug":"about-us","status":"publish","type":"page","link":"https:\/\/www.medikompoliklinika.com\/en\/about-us\/","title":{"rendered":"About Us"},"content":{"rendered":"<div class=\"wpb-content-wrapper\"><p>[vc_row content_placement=&#8221;middle&#8221;][vc_column][vc_column_text]<\/p>\n<h2 style=\"text-align: center;\">Medikom Center<\/h2>\n<p>[\/vc_column_text][vc_row_inner][vc_column_inner width=&#8221;1\/4&#8243;][\/vc_column_inner][vc_column_inner width=&#8221;1\/4&#8243;][vc_single_image image=&#8221;2812&#8243; img_size=&#8221;full&#8221; add_caption=&#8221;yes&#8221; alignment=&#8221;center&#8221; style=&#8221;vc_box_shadow_border&#8221;][\/vc_column_inner][vc_column_inner width=&#8221;1\/4&#8243;][vc_single_image image=&#8221;2833&#8243; img_size=&#8221;full&#8221; add_caption=&#8221;yes&#8221; alignment=&#8221;center&#8221; style=&#8221;vc_box_shadow_border&#8221;][\/vc_column_inner][vc_column_inner width=&#8221;1\/4&#8243;][\/vc_column_inner][\/vc_row_inner][vc_column_text]<\/p>\n<p style=\"text-align: justify;\">Mrs. Gabriela Pavlovi\u0107 \u0106irkovi\u0107, MD specialist in physical medicine and Slobodan \u0106irkovi\u0107, MD, specialist in radiology, launched a private medical practice in the year 1995, in order to cherish the traditional principles of doctors&#8217; practice, based on trust in the patient-physician relationship aided by the state-of- the-art diagnostics. Following the patients&#8217; needs, the &#8220;MEDIKOM&#8221; private doctor&#8217;s practice turned into an outpatient center as early as 1997. Today, the &#8220;MEDIKOM&#8221; center is a family outpatient center that has been successfully providing care to children and adults&#8217; health alike, for more than two decades, and is developing, all the time, according to patients&#8217; needs, technology present-day progress and the invaluable time-honoured<br \/>\nknowledge and extensive experience of a variety of specialists, nurses, medical technicians and consultants. The &#8220;MEDIKOM&#8221; outpatient center team is a 58-strong staff, fully employed physicians, nurses, medical technicians and consultants.<\/p>\n<p style=\"text-align: justify;\">In the &#8220;MEDIKOM&#8221; outpatient center you can do all the specialist internal medicine examinations (cardiology, gastro-entereology, endocrinology, pulmology, nephrology, rheumatology, child medicine \u2013 pediatrics, gynecology, physical medicine, otorhinolaryngology, dermatovenerology, ophthalmology and laboratory analyses.<\/p>\n<p style=\"text-align: justify;\">The examinations can be arranged at your convenience, each workday, during weekends and holidays from 07:00 AM to 09:00 PM. If you cannot reach our outpatient center, you can be examined and treated at home: The &#8220;MEDIKOM&#8221; outpatient center is situated in the &#8220;Vra\u010dar&#8221; area at Brani\u010devska 12a, in the immediate vicinity of the Saint Sava Cathedral Church.<\/p>\n<p style=\"text-align: justify;\">The further developmental goal and commitment of the &#8220;MEDIKOM&#8221; outpatient center is to treasure the one-to- one approach to the patient, applying the state-of- the-art diagnostic methods, and commencing each and every medical examination with the crucial doctor&#8217;s question: &#8220;How are you?&#8221;<\/p>\n<p>[\/vc_column_text][\/vc_column][\/vc_row][vc_row][vc_column][vc_column_text]<\/p>\n<h3 style=\"text-align: center;\">They trusted us :<\/h3>\n<p>[\/vc_column_text][\/vc_column][vc_column width=&#8221;1\/3&#8243;][vc_column_text]<\/p>\n<ul>\n<li>Alfa banka<\/li>\n<li>Ambasada republike Madjarske<\/li>\n<li>Ambasada republike Indije<\/li>\n<li>Ambasada republike \u0160vedske<\/li>\n<li>Ambasada republike Turske<\/li>\n<li>Ambasada Sjedinjenih Ameri\u010dkih dr\u017eava<\/li>\n<li>Ambasada republike Austrije<\/li>\n<li>Arxikon d.o.o.<\/li>\n<li>Cricket market<\/li>\n<li>Crveni krst Srbije<\/li>\n<li>CMS<\/li>\n<li>Color media group<\/li>\n<li>Copy centar KUP<\/li>\n<li>\u010cigoja \u0161tampa<\/li>\n<li>Diners club international<\/li>\n<li>Delta generalli osiguranje<\/li>\n<li>EFT usluge d.o.o.<\/li>\n<\/ul>\n<p>[\/vc_column_text][\/vc_column][vc_column width=&#8221;1\/3&#8243;][vc_column_text]<\/p>\n<ul>\n<li>Ekofarm<\/li>\n<li>Ericsson<\/li>\n<li>Eta\u017e<\/li>\n<li>Europlanet<\/li>\n<li>Forum ra\u010dunari<\/li>\n<li>Galant d.o.o.<\/li>\n<li>GMC international<\/li>\n<li>Gradski zavod za zdravstvenu za\u0161titu<\/li>\n<li>Iris<\/li>\n<li>Komercijalna banka<\/li>\n<li>Lo\u017e<\/li>\n<li>Louis Berger Development consultints<\/li>\n<li>Lufthansa<\/li>\n<li>Masel<\/li>\n<li>Mecom<\/li>\n<li>Mikro kontrol<\/li>\n<li>Microsoft<\/li>\n<\/ul>\n<p>[\/vc_column_text][\/vc_column][vc_column width=&#8221;1\/3&#8243;][vc_column_text]<\/p>\n<ul>\n<li>Mosaic<\/li>\n<li>Olympus<\/li>\n<li>OM marketin\u0161ka agencija<\/li>\n<li>Omnia TV<\/li>\n<li>Poliform design<\/li>\n<li>Procredit banka<\/li>\n<li>Siemens \u2013Nokia<\/li>\n<li>Svetska banka<\/li>\n<li>Sto posto<\/li>\n<li>Trgovinsko predstavni\u0161tvo Republike Ma\u0111arske<\/li>\n<li>UNICEF<\/li>\n<li>Uniqua osiguranje<\/li>\n<li>Van breda international comm.<\/li>\n<li>Vrti\u0107 Mala Vi\u0161nja<\/li>\n<li>Vrti\u0107 \u010cupko<\/li>\n<li>Yugorosgaz a.d.<\/li>\n<\/ul>\n<p>[\/vc_column_text][\/vc_column][\/vc_row]<\/p>\n<\/div>","protected":false},"excerpt":{"rendered":"<p>[vc_row content_placement=&#8221;middle&#8221;][vc_column][vc_column_text] Medikom Center [\/vc_column_text][vc_row_inner][vc_column_inner width=&#8221;1\/4&#8243;][\/vc_column_inner][vc_column_inner width=&#8221;1\/4&#8243;][vc_single_image image=&#8221;2812&#8243; img_size=&#8221;full&#8221; add_caption=&#8221;yes&#8221; alignment=&#8221;center&#8221; &#8230; <\/p>\n","protected":false},"author":1,"featured_media":2812,"parent":0,"menu_order":47,"comment_status":"closed","ping_status":"open","template":"","meta":{"footnotes":""},"class_list":["post-2810","page","type-page","status-publish","has-post-thumbnail","hentry"],"yoast_head":"<!-- This site is optimized with the Yoast SEO plugin v26.7 - https:\/\/yoast.com\/wordpress\/plugins\/seo\/ -->\n<title>About Us - Poliklinika Medikom Beograd<\/title>\n<meta name=\"robots\" content=\"index, follow, max-snippet:-1, max-image-preview:large, max-video-preview:-1\" \/>\n<link rel=\"canonical\" href=\"https:\/\/www.medikompoliklinika.com\/en\/about-us\/\" \/>\n<meta property=\"og:locale\" content=\"en_US\" \/>\n<meta property=\"og:type\" content=\"article\" \/>\n<meta property=\"og:title\" content=\"About Us - Poliklinika Medikom Beograd\" \/>\n<meta property=\"og:description\" content=\"[vc_row content_placement=&#8221;middle&#8221;][vc_column][vc_column_text] Medikom Center [\/vc_column_text][vc_row_inner][vc_column_inner width=&#8221;1\/4&#8243;][\/vc_column_inner][vc_column_inner width=&#8221;1\/4&#8243;][vc_single_image image=&#8221;2812&#8243; img_size=&#8221;full&#8221; add_caption=&#8221;yes&#8221; alignment=&#8221;center&#8221; ...\" \/>\n<meta property=\"og:url\" content=\"https:\/\/www.medikompoliklinika.com\/en\/about-us\/\" \/>\n<meta property=\"og:site_name\" content=\"Poliklinika Medikom Beograd\" \/>\n<meta property=\"article:publisher\" content=\"https:\/\/www.facebook.com\/poliklinika.medikom\/\" \/>\n<meta property=\"article:modified_time\" content=\"2020-11-03T08:08:48+00:00\" \/>\n<meta property=\"og:image\" content=\"https:\/\/www.medikompoliklinika.com\/wp-content\/uploads\/2011\/03\/slika_Dr_Gabriela.jpg\" \/>\n\t<meta property=\"og:image:width\" content=\"100\" \/>\n\t<meta property=\"og:image:height\" content=\"135\" \/>\n\t<meta property=\"og:image:type\" content=\"image\/jpeg\" \/>\n<meta name=\"twitter:card\" content=\"summary_large_image\" \/>\n<meta name=\"twitter:site\" content=\"@MEDIKOM_\" \/>\n<meta name=\"twitter:label1\" content=\"Est. reading time\" \/>\n\t<meta name=\"twitter:data1\" content=\"3 minutes\" \/>\n<script type=\"application\/ld+json\" class=\"yoast-schema-graph\">{\"@context\":\"https:\/\/schema.org\",\"@graph\":[{\"@type\":\"WebPage\",\"@id\":\"https:\/\/www.medikompoliklinika.com\/en\/about-us\/\",\"url\":\"https:\/\/www.medikompoliklinika.com\/en\/about-us\/\",\"name\":\"About Us - Poliklinika Medikom Beograd\",\"isPartOf\":{\"@id\":\"https:\/\/www.medikompoliklinika.com\/en\/#website\"},\"primaryImageOfPage\":{\"@id\":\"https:\/\/www.medikompoliklinika.com\/en\/about-us\/#primaryimage\"},\"image\":{\"@id\":\"https:\/\/www.medikompoliklinika.com\/en\/about-us\/#primaryimage\"},\"thumbnailUrl\":\"https:\/\/www.medikompoliklinika.com\/wp-content\/uploads\/2011\/03\/slika_Dr_Gabriela.jpg\",\"datePublished\":\"2011-03-02T10:08:25+00:00\",\"dateModified\":\"2020-11-03T08:08:48+00:00\",\"breadcrumb\":{\"@id\":\"https:\/\/www.medikompoliklinika.com\/en\/about-us\/#breadcrumb\"},\"inLanguage\":\"en-US\",\"potentialAction\":[{\"@type\":\"ReadAction\",\"target\":[\"https:\/\/www.medikompoliklinika.com\/en\/about-us\/\"]}]},{\"@type\":\"ImageObject\",\"inLanguage\":\"en-US\",\"@id\":\"https:\/\/www.medikompoliklinika.com\/en\/about-us\/#primaryimage\",\"url\":\"https:\/\/www.medikompoliklinika.com\/wp-content\/uploads\/2011\/03\/slika_Dr_Gabriela.jpg\",\"contentUrl\":\"https:\/\/www.medikompoliklinika.com\/wp-content\/uploads\/2011\/03\/slika_Dr_Gabriela.jpg\",\"width\":100,\"height\":135,\"caption\":\"Dr Gabriela Pavlovic Cirkovic\"},{\"@type\":\"BreadcrumbList\",\"@id\":\"https:\/\/www.medikompoliklinika.com\/en\/about-us\/#breadcrumb\",\"itemListElement\":[{\"@type\":\"ListItem\",\"position\":1,\"name\":\"Home\",\"item\":\"https:\/\/www.medikompoliklinika.com\/en\/\"},{\"@type\":\"ListItem\",\"position\":2,\"name\":\"About Us\"}]},{\"@type\":\"WebSite\",\"@id\":\"https:\/\/www.medikompoliklinika.com\/en\/#website\",\"url\":\"https:\/\/www.medikompoliklinika.com\/en\/\",\"name\":\"Poliklinika Medikom Beograd\",\"description\":\"Privatna poliklinika u Beogradu. Specijalisti\u010dki pregledi\",\"publisher\":{\"@id\":\"https:\/\/www.medikompoliklinika.com\/en\/#organization\"},\"potentialAction\":[{\"@type\":\"SearchAction\",\"target\":{\"@type\":\"EntryPoint\",\"urlTemplate\":\"https:\/\/www.medikompoliklinika.com\/en\/?s={search_term_string}\"},\"query-input\":{\"@type\":\"PropertyValueSpecification\",\"valueRequired\":true,\"valueName\":\"search_term_string\"}}],\"inLanguage\":\"en-US\"},{\"@type\":\"Organization\",\"@id\":\"https:\/\/www.medikompoliklinika.com\/en\/#organization\",\"name\":\"Poliklinika Medikom\",\"url\":\"https:\/\/www.medikompoliklinika.com\/en\/\",\"logo\":{\"@type\":\"ImageObject\",\"inLanguage\":\"en-US\",\"@id\":\"https:\/\/www.medikompoliklinika.com\/en\/#\/schema\/logo\/image\/\",\"url\":\"https:\/\/www.medikompoliklinika.com\/wp-content\/uploads\/2020\/09\/Poliklinika-Medikom-Logo2.png\",\"contentUrl\":\"https:\/\/www.medikompoliklinika.com\/wp-content\/uploads\/2020\/09\/Poliklinika-Medikom-Logo2.png\",\"width\":600,\"height\":111,\"caption\":\"Poliklinika Medikom\"},\"image\":{\"@id\":\"https:\/\/www.medikompoliklinika.com\/en\/#\/schema\/logo\/image\/\"},\"sameAs\":[\"https:\/\/www.facebook.com\/poliklinika.medikom\/\",\"https:\/\/x.com\/MEDIKOM_\",\"https:\/\/www.linkedin.com\/company\/poliklinika-medikom\/\"]}]}<\/script>\n<!-- \/ Yoast SEO plugin. -->","yoast_head_json":{"title":"About Us - Poliklinika Medikom Beograd","robots":{"index":"index","follow":"follow","max-snippet":"max-snippet:-1","max-image-preview":"max-image-preview:large","max-video-preview":"max-video-preview:-1"},"canonical":"https:\/\/www.medikompoliklinika.com\/en\/about-us\/","og_locale":"en_US","og_type":"article","og_title":"About Us - Poliklinika Medikom Beograd","og_description":"[vc_row content_placement=&#8221;middle&#8221;][vc_column][vc_column_text] Medikom Center [\/vc_column_text][vc_row_inner][vc_column_inner width=&#8221;1\/4&#8243;][\/vc_column_inner][vc_column_inner width=&#8221;1\/4&#8243;][vc_single_image image=&#8221;2812&#8243; img_size=&#8221;full&#8221; add_caption=&#8221;yes&#8221; alignment=&#8221;center&#8221; ...","og_url":"https:\/\/www.medikompoliklinika.com\/en\/about-us\/","og_site_name":"Poliklinika Medikom Beograd","article_publisher":"https:\/\/www.facebook.com\/poliklinika.medikom\/","article_modified_time":"2020-11-03T08:08:48+00:00","og_image":[{"width":100,"height":135,"url":"https:\/\/www.medikompoliklinika.com\/wp-content\/uploads\/2011\/03\/slika_Dr_Gabriela.jpg","type":"image\/jpeg"}],"twitter_card":"summary_large_image","twitter_site":"@MEDIKOM_","twitter_misc":{"Est. reading time":"3 minutes"},"schema":{"@context":"https:\/\/schema.org","@graph":[{"@type":"WebPage","@id":"https:\/\/www.medikompoliklinika.com\/en\/about-us\/","url":"https:\/\/www.medikompoliklinika.com\/en\/about-us\/","name":"About Us - Poliklinika Medikom Beograd","isPartOf":{"@id":"https:\/\/www.medikompoliklinika.com\/en\/#website"},"primaryImageOfPage":{"@id":"https:\/\/www.medikompoliklinika.com\/en\/about-us\/#primaryimage"},"image":{"@id":"https:\/\/www.medikompoliklinika.com\/en\/about-us\/#primaryimage"},"thumbnailUrl":"https:\/\/www.medikompoliklinika.com\/wp-content\/uploads\/2011\/03\/slika_Dr_Gabriela.jpg","datePublished":"2011-03-02T10:08:25+00:00","dateModified":"2020-11-03T08:08:48+00:00","breadcrumb":{"@id":"https:\/\/www.medikompoliklinika.com\/en\/about-us\/#breadcrumb"},"inLanguage":"en-US","potentialAction":[{"@type":"ReadAction","target":["https:\/\/www.medikompoliklinika.com\/en\/about-us\/"]}]},{"@type":"ImageObject","inLanguage":"en-US","@id":"https:\/\/www.medikompoliklinika.com\/en\/about-us\/#primaryimage","url":"https:\/\/www.medikompoliklinika.com\/wp-content\/uploads\/2011\/03\/slika_Dr_Gabriela.jpg","contentUrl":"https:\/\/www.medikompoliklinika.com\/wp-content\/uploads\/2011\/03\/slika_Dr_Gabriela.jpg","width":100,"height":135,"caption":"Dr Gabriela Pavlovic Cirkovic"},{"@type":"BreadcrumbList","@id":"https:\/\/www.medikompoliklinika.com\/en\/about-us\/#breadcrumb","itemListElement":[{"@type":"ListItem","position":1,"name":"Home","item":"https:\/\/www.medikompoliklinika.com\/en\/"},{"@type":"ListItem","position":2,"name":"About Us"}]},{"@type":"WebSite","@id":"https:\/\/www.medikompoliklinika.com\/en\/#website","url":"https:\/\/www.medikompoliklinika.com\/en\/","name":"Poliklinika Medikom Beograd","description":"Privatna poliklinika u Beogradu. Specijalisti\u010dki pregledi","publisher":{"@id":"https:\/\/www.medikompoliklinika.com\/en\/#organization"},"potentialAction":[{"@type":"SearchAction","target":{"@type":"EntryPoint","urlTemplate":"https:\/\/www.medikompoliklinika.com\/en\/?s={search_term_string}"},"query-input":{"@type":"PropertyValueSpecification","valueRequired":true,"valueName":"search_term_string"}}],"inLanguage":"en-US"},{"@type":"Organization","@id":"https:\/\/www.medikompoliklinika.com\/en\/#organization","name":"Poliklinika Medikom","url":"https:\/\/www.medikompoliklinika.com\/en\/","logo":{"@type":"ImageObject","inLanguage":"en-US","@id":"https:\/\/www.medikompoliklinika.com\/en\/#\/schema\/logo\/image\/","url":"https:\/\/www.medikompoliklinika.com\/wp-content\/uploads\/2020\/09\/Poliklinika-Medikom-Logo2.png","contentUrl":"https:\/\/www.medikompoliklinika.com\/wp-content\/uploads\/2020\/09\/Poliklinika-Medikom-Logo2.png","width":600,"height":111,"caption":"Poliklinika Medikom"},"image":{"@id":"https:\/\/www.medikompoliklinika.com\/en\/#\/schema\/logo\/image\/"},"sameAs":["https:\/\/www.facebook.com\/poliklinika.medikom\/","https:\/\/x.com\/MEDIKOM_","https:\/\/www.linkedin.com\/company\/poliklinika-medikom\/"]}]}},"_links":{"self":[{"href":"https:\/\/www.medikompoliklinika.com\/en\/wp-json\/wp\/v2\/pages\/2810","targetHints":{"allow":["GET"]}}],"collection":[{"href":"https:\/\/www.medikompoliklinika.com\/en\/wp-json\/wp\/v2\/pages"}],"about":[{"href":"https:\/\/www.medikompoliklinika.com\/en\/wp-json\/wp\/v2\/types\/page"}],"author":[{"embeddable":true,"href":"https:\/\/www.medikompoliklinika.com\/en\/wp-json\/wp\/v2\/users\/1"}],"replies":[{"embeddable":true,"href":"https:\/\/www.medikompoliklinika.com\/en\/wp-json\/wp\/v2\/comments?post=2810"}],"version-history":[{"count":0,"href":"https:\/\/www.medikompoliklinika.com\/en\/wp-json\/wp\/v2\/pages\/2810\/revisions"}],"wp:featuredmedia":[{"embeddable":true,"href":"https:\/\/www.medikompoliklinika.com\/en\/wp-json\/wp\/v2\/media\/2812"}],"wp:attachment":[{"href":"https:\/\/www.medikompoliklinika.com\/en\/wp-json\/wp\/v2\/media?parent=2810"}],"curies":[{"name":"wp","href":"https:\/\/api.w.org\/{rel}","templated":true}]}}