{"id":3393,"date":"2020-12-07T14:46:37","date_gmt":"2020-12-07T13:46:37","guid":{"rendered":"https:\/\/www.medikompoliklinika.com\/dr-aleksandra-petrovic-specijalista-interne-medicine\/"},"modified":"2023-03-27T17:49:46","modified_gmt":"2023-03-27T15:49:46","slug":"dr-aleksandra-petrovic-specijalista-interne-medicine","status":"publish","type":"page","link":"https:\/\/www.medikompoliklinika.com\/en\/dr-aleksandra-petrovic-specijalista-interne-medicine\/","title":{"rendered":"dr Aleksandra Petrovi\u0107, specijalista interne medicine"},"content":{"rendered":"<div class=\"wpb-content-wrapper\"><p>[vc_row][vc_column width=&#8221;2\/3&#8243;][vc_column_text]<\/p>\n<h2>dr Aleksandra Petrovi\u0107, specijalista interne medicine<\/h2>\n<h3>Obrazovanje:<\/h3>\n<ul>\n<li>1997.Zavr\u0161en Medicinski fakultet Univerziteta u Beogradu<\/li>\n<li>2006.Polo\u017een Specijalisti\u010dki ispit i ste\u010deno zvanje specijaliste interne medicine ( KCS Beograd)<\/li>\n<li>2015\/2016 Subspecijalizacija onkologije<\/li>\n<li>2003,2004 Edukacija za ambulantni rad sa dijabeti\u010darima<\/li>\n<li>2011. \u0160kola ultrasonografije abdomena,male karlice i \u0161titaste \u017elezde (KCS Beograd)<\/li>\n<li>Osnovni kurs mehani\u010dke ventilacije ( III Kongres intenzivne medicine Beograd)<\/li>\n<\/ul>\n<h3>Radno iskustvo:<\/h3>\n<ul>\n<li>1997-1998 Lekarski sta\u017e u DZ Gornji Milanovac<\/li>\n<li>2001-2008 Interno odeljenje OB Gornji Milanovac<\/li>\n<li>2008-2020 OB Bel medic (rad sa ambulantnim i hospitalizovanim pacijentima,od toga u periodu od 2010-2014 Na\u010delnik hospitalnog dela )<\/li>\n<\/ul>\n<h3>U Medikomu mo\u017ee obavljati :<\/h3>\n<ul>\n<li>pregled interniste sa Ekg om<\/li>\n<li>preoperativnu pripremu<\/li>\n<li>ordiniranje HT uz onkologa<\/li>\n<\/ul>\n<h3>Profesionalna \u010dlanstva:<\/h3>\n<ul>\n<li>Lekarske komore Srbije<\/li>\n<\/ul>\n<p>Jezici: engleski<br \/>\nNe\u0161to li\u010dno:<br \/>\nHobi: putovanja<br \/>\nOmiljena knjiga: Herman Hese Sidarta<br \/>\nOmiljena pozori\u0161na predstava i\/ili film: Mamma mia!<br \/>\nCitat: Per aspera ad astra[\/vc_column_text][\/vc_column][vc_column width=&#8221;1\/3&#8243;][vc_single_image image=&#8221;3817&#8243; img_size=&#8221;full&#8221; alignment=&#8221;center&#8221; style=&#8221;vc_box_shadow_border&#8221;][\/vc_column][\/vc_row]<\/p>\n<\/div>","protected":false},"excerpt":{"rendered":"<p>[vc_row][vc_column width=&#8221;2\/3&#8243;][vc_column_text] dr Aleksandra Petrovi\u0107, specijalista interne medicine Obrazovanje: 1997.Zavr\u0161en Medicinski &#8230; <\/p>\n","protected":false},"author":1,"featured_media":0,"parent":0,"menu_order":0,"comment_status":"closed","ping_status":"closed","template":"","meta":{"footnotes":""},"class_list":["post-3393","page","type-page","status-publish","hentry"],"yoast_head":"<!-- This site is optimized with the Yoast SEO plugin v26.7 - https:\/\/yoast.com\/wordpress\/plugins\/seo\/ -->\n<title>dr Aleksandra Petrovi\u0107, specijalista interne medicine - Poliklinika Medikom Beograd<\/title>\n<meta name=\"robots\" content=\"index, follow, max-snippet:-1, max-image-preview:large, max-video-preview:-1\" \/>\n<link rel=\"canonical\" href=\"https:\/\/www.medikompoliklinika.com\/en\/dr-aleksandra-petrovic-specijalista-interne-medicine\/\" \/>\n<meta property=\"og:locale\" content=\"en_US\" \/>\n<meta property=\"og:type\" content=\"article\" \/>\n<meta property=\"og:title\" content=\"dr Aleksandra Petrovi\u0107, specijalista interne medicine - Poliklinika Medikom Beograd\" \/>\n<meta property=\"og:description\" content=\"[vc_row][vc_column width=&#8221;2\/3&#8243;][vc_column_text] dr Aleksandra Petrovi\u0107, specijalista interne medicine Obrazovanje: 1997.Zavr\u0161en Medicinski ...\" \/>\n<meta property=\"og:url\" content=\"https:\/\/www.medikompoliklinika.com\/en\/dr-aleksandra-petrovic-specijalista-interne-medicine\/\" \/>\n<meta property=\"og:site_name\" content=\"Poliklinika Medikom Beograd\" \/>\n<meta property=\"article:publisher\" content=\"https:\/\/www.facebook.com\/poliklinika.medikom\/\" \/>\n<meta property=\"article:modified_time\" content=\"2023-03-27T15:49:46+00:00\" \/>\n<meta name=\"twitter:card\" content=\"summary_large_image\" \/>\n<meta name=\"twitter:site\" content=\"@MEDIKOM_\" \/>\n<meta name=\"twitter:label1\" content=\"Est. reading time\" \/>\n\t<meta name=\"twitter:data1\" content=\"1 minute\" \/>\n<script type=\"application\/ld+json\" class=\"yoast-schema-graph\">{\"@context\":\"https:\/\/schema.org\",\"@graph\":[{\"@type\":\"WebPage\",\"@id\":\"https:\/\/www.medikompoliklinika.com\/en\/dr-aleksandra-petrovic-specijalista-interne-medicine\/\",\"url\":\"https:\/\/www.medikompoliklinika.com\/en\/dr-aleksandra-petrovic-specijalista-interne-medicine\/\",\"name\":\"dr Aleksandra Petrovi\u0107, specijalista interne medicine - Poliklinika Medikom Beograd\",\"isPartOf\":{\"@id\":\"https:\/\/www.medikompoliklinika.com\/en\/#website\"},\"datePublished\":\"2020-12-07T13:46:37+00:00\",\"dateModified\":\"2023-03-27T15:49:46+00:00\",\"breadcrumb\":{\"@id\":\"https:\/\/www.medikompoliklinika.com\/en\/dr-aleksandra-petrovic-specijalista-interne-medicine\/#breadcrumb\"},\"inLanguage\":\"en-US\",\"potentialAction\":[{\"@type\":\"ReadAction\",\"target\":[\"https:\/\/www.medikompoliklinika.com\/en\/dr-aleksandra-petrovic-specijalista-interne-medicine\/\"]}]},{\"@type\":\"BreadcrumbList\",\"@id\":\"https:\/\/www.medikompoliklinika.com\/en\/dr-aleksandra-petrovic-specijalista-interne-medicine\/#breadcrumb\",\"itemListElement\":[{\"@type\":\"ListItem\",\"position\":1,\"name\":\"Home\",\"item\":\"https:\/\/www.medikompoliklinika.com\/en\/\"},{\"@type\":\"ListItem\",\"position\":2,\"name\":\"dr Aleksandra Petrovi\u0107, specijalista interne medicine\"}]},{\"@type\":\"WebSite\",\"@id\":\"https:\/\/www.medikompoliklinika.com\/en\/#website\",\"url\":\"https:\/\/www.medikompoliklinika.com\/en\/\",\"name\":\"Poliklinika Medikom Beograd\",\"description\":\"Privatna poliklinika u Beogradu. Specijalisti\u010dki pregledi\",\"publisher\":{\"@id\":\"https:\/\/www.medikompoliklinika.com\/en\/#organization\"},\"potentialAction\":[{\"@type\":\"SearchAction\",\"target\":{\"@type\":\"EntryPoint\",\"urlTemplate\":\"https:\/\/www.medikompoliklinika.com\/en\/?s={search_term_string}\"},\"query-input\":{\"@type\":\"PropertyValueSpecification\",\"valueRequired\":true,\"valueName\":\"search_term_string\"}}],\"inLanguage\":\"en-US\"},{\"@type\":\"Organization\",\"@id\":\"https:\/\/www.medikompoliklinika.com\/en\/#organization\",\"name\":\"Poliklinika Medikom\",\"url\":\"https:\/\/www.medikompoliklinika.com\/en\/\",\"logo\":{\"@type\":\"ImageObject\",\"inLanguage\":\"en-US\",\"@id\":\"https:\/\/www.medikompoliklinika.com\/en\/#\/schema\/logo\/image\/\",\"url\":\"https:\/\/www.medikompoliklinika.com\/wp-content\/uploads\/2020\/09\/Poliklinika-Medikom-Logo2.png\",\"contentUrl\":\"https:\/\/www.medikompoliklinika.com\/wp-content\/uploads\/2020\/09\/Poliklinika-Medikom-Logo2.png\",\"width\":600,\"height\":111,\"caption\":\"Poliklinika Medikom\"},\"image\":{\"@id\":\"https:\/\/www.medikompoliklinika.com\/en\/#\/schema\/logo\/image\/\"},\"sameAs\":[\"https:\/\/www.facebook.com\/poliklinika.medikom\/\",\"https:\/\/x.com\/MEDIKOM_\",\"https:\/\/www.linkedin.com\/company\/poliklinika-medikom\/\"]}]}<\/script>\n<!-- \/ Yoast SEO plugin. -->","yoast_head_json":{"title":"dr Aleksandra Petrovi\u0107, specijalista interne medicine - Poliklinika Medikom Beograd","robots":{"index":"index","follow":"follow","max-snippet":"max-snippet:-1","max-image-preview":"max-image-preview:large","max-video-preview":"max-video-preview:-1"},"canonical":"https:\/\/www.medikompoliklinika.com\/en\/dr-aleksandra-petrovic-specijalista-interne-medicine\/","og_locale":"en_US","og_type":"article","og_title":"dr Aleksandra Petrovi\u0107, specijalista interne medicine - Poliklinika Medikom Beograd","og_description":"[vc_row][vc_column width=&#8221;2\/3&#8243;][vc_column_text] dr Aleksandra Petrovi\u0107, specijalista interne medicine Obrazovanje: 1997.Zavr\u0161en Medicinski ...","og_url":"https:\/\/www.medikompoliklinika.com\/en\/dr-aleksandra-petrovic-specijalista-interne-medicine\/","og_site_name":"Poliklinika Medikom Beograd","article_publisher":"https:\/\/www.facebook.com\/poliklinika.medikom\/","article_modified_time":"2023-03-27T15:49:46+00:00","twitter_card":"summary_large_image","twitter_site":"@MEDIKOM_","twitter_misc":{"Est. reading time":"1 minute"},"schema":{"@context":"https:\/\/schema.org","@graph":[{"@type":"WebPage","@id":"https:\/\/www.medikompoliklinika.com\/en\/dr-aleksandra-petrovic-specijalista-interne-medicine\/","url":"https:\/\/www.medikompoliklinika.com\/en\/dr-aleksandra-petrovic-specijalista-interne-medicine\/","name":"dr Aleksandra Petrovi\u0107, specijalista interne medicine - Poliklinika Medikom Beograd","isPartOf":{"@id":"https:\/\/www.medikompoliklinika.com\/en\/#website"},"datePublished":"2020-12-07T13:46:37+00:00","dateModified":"2023-03-27T15:49:46+00:00","breadcrumb":{"@id":"https:\/\/www.medikompoliklinika.com\/en\/dr-aleksandra-petrovic-specijalista-interne-medicine\/#breadcrumb"},"inLanguage":"en-US","potentialAction":[{"@type":"ReadAction","target":["https:\/\/www.medikompoliklinika.com\/en\/dr-aleksandra-petrovic-specijalista-interne-medicine\/"]}]},{"@type":"BreadcrumbList","@id":"https:\/\/www.medikompoliklinika.com\/en\/dr-aleksandra-petrovic-specijalista-interne-medicine\/#breadcrumb","itemListElement":[{"@type":"ListItem","position":1,"name":"Home","item":"https:\/\/www.medikompoliklinika.com\/en\/"},{"@type":"ListItem","position":2,"name":"dr Aleksandra Petrovi\u0107, specijalista interne medicine"}]},{"@type":"WebSite","@id":"https:\/\/www.medikompoliklinika.com\/en\/#website","url":"https:\/\/www.medikompoliklinika.com\/en\/","name":"Poliklinika Medikom Beograd","description":"Privatna poliklinika u Beogradu. Specijalisti\u010dki pregledi","publisher":{"@id":"https:\/\/www.medikompoliklinika.com\/en\/#organization"},"potentialAction":[{"@type":"SearchAction","target":{"@type":"EntryPoint","urlTemplate":"https:\/\/www.medikompoliklinika.com\/en\/?s={search_term_string}"},"query-input":{"@type":"PropertyValueSpecification","valueRequired":true,"valueName":"search_term_string"}}],"inLanguage":"en-US"},{"@type":"Organization","@id":"https:\/\/www.medikompoliklinika.com\/en\/#organization","name":"Poliklinika Medikom","url":"https:\/\/www.medikompoliklinika.com\/en\/","logo":{"@type":"ImageObject","inLanguage":"en-US","@id":"https:\/\/www.medikompoliklinika.com\/en\/#\/schema\/logo\/image\/","url":"https:\/\/www.medikompoliklinika.com\/wp-content\/uploads\/2020\/09\/Poliklinika-Medikom-Logo2.png","contentUrl":"https:\/\/www.medikompoliklinika.com\/wp-content\/uploads\/2020\/09\/Poliklinika-Medikom-Logo2.png","width":600,"height":111,"caption":"Poliklinika Medikom"},"image":{"@id":"https:\/\/www.medikompoliklinika.com\/en\/#\/schema\/logo\/image\/"},"sameAs":["https:\/\/www.facebook.com\/poliklinika.medikom\/","https:\/\/x.com\/MEDIKOM_","https:\/\/www.linkedin.com\/company\/poliklinika-medikom\/"]}]}},"_links":{"self":[{"href":"https:\/\/www.medikompoliklinika.com\/en\/wp-json\/wp\/v2\/pages\/3393","targetHints":{"allow":["GET"]}}],"collection":[{"href":"https:\/\/www.medikompoliklinika.com\/en\/wp-json\/wp\/v2\/pages"}],"about":[{"href":"https:\/\/www.medikompoliklinika.com\/en\/wp-json\/wp\/v2\/types\/page"}],"author":[{"embeddable":true,"href":"https:\/\/www.medikompoliklinika.com\/en\/wp-json\/wp\/v2\/users\/1"}],"replies":[{"embeddable":true,"href":"https:\/\/www.medikompoliklinika.com\/en\/wp-json\/wp\/v2\/comments?post=3393"}],"version-history":[{"count":0,"href":"https:\/\/www.medikompoliklinika.com\/en\/wp-json\/wp\/v2\/pages\/3393\/revisions"}],"wp:attachment":[{"href":"https:\/\/www.medikompoliklinika.com\/en\/wp-json\/wp\/v2\/media?parent=3393"}],"curies":[{"name":"wp","href":"https:\/\/api.w.org\/{rel}","templated":true}]}}